{"id":1099,"date":"2021-10-09T10:30:36","date_gmt":"2021-10-09T07:30:36","guid":{"rendered":"https:\/\/tfk.fi\/wp1\/?page_id=1099"},"modified":"2025-12-20T17:08:55","modified_gmt":"2025-12-20T15:08:55","slug":"konsertit-2021","status":"publish","type":"page","link":"https:\/\/tfk.fi\/wp1\/konsertit-2021\/","title":{"rendered":"Konsertit 2021 \u2013 2025"},"content":{"rendered":"\n<p><strong>2025<\/strong><\/p>\n\n\n\n<p><strong>19.12.2025 Tampere<\/strong> Tampere-talo klo 19<\/p>\n\n\n\n<p><em>J. S. Bach<\/em>: Jouluoratorio, kantaatit I-III ja VI, Solistit Lydia Teuscher, sopraano, Jess Dandy, altto, Tuomas Katajala, tenori, Arttu Kataja, basso. Tampereen Filharmoninen kuoro, kuoron valmennus Jouni Rissanen ja Ruut Kiiski, Tampere Filharmonia, joht. Matthew Halls<\/p>\n\n\n\n<p><strong>7.12.2025 Tampere <\/strong>Joulutori (Keskustori) klo 17. <\/p>\n\n\n\n<p><em>Hark the Herald\u2019s Angels, Once in Royal David\u2019s City, Deck the Hall, Arkihuolesi kaikki heit\u00e4, En etsi valtaa, loistoa, Maa on niin kaunis<\/em> (kuoron lauluryhm\u00e4, yli 30 laulajaa)<\/p>\n\n\n\n<p><strong>13. ja 14.11.2025 Tampere<\/strong> Tampere-talo klo 19 <\/p>\n\n\n\n<p>SAGAS Orchestral Fantasy Music. Carl <em>Orff<\/em>: O Fortuna teoksesta Carmina Burana, Harry <em>Gregson-Williams<\/em>: musiikkia elokuvasta Narnian tarinat, Emil\u00edana <em>Torrini <\/em>\/ Fran <em>Walsh<\/em>\/ Howard <em>Shore<\/em>: Klonkun laulu (Gollum's song) elokuvasta Taru sormusten herrasta: Kaksi tornia, Basil <em>Paledouris<\/em>: Rider's of Doom elokuvasta Conan Barbaari, Ramin <em>Djawadi<\/em>: musiikkia tv-sarjasta Game of Thrones, Jeremy <em>Soule<\/em>: The Dragonborn Comes pelist\u00e4 The Elder Scrolls V: Skyrim. Marika H\u00f6ltt\u00e4, sopraano, Tampereen Filharmoninen kuoro, kuoron valmennus Jouni Rissanen ja Ruut Kiiski, Tampere Filharmonia, joht. Gudrun Dahlkvist<\/p>\n\n\n\n<p><strong>5.9.2025 Tampere<\/strong> Tampere-talo klo 19 <\/p>\n\n\n\n<p><em>Beethoven<\/em> Sinfonia nro 9, \"Oodi ilolle\" Solistit: Helena Juntunen (sopraano), Tuija Knihtil\u00e4 (altto), Tuomas Katajala (tenori), Arttu Kataja (basso), Tampereen Filharmoninen Kuoro (valmentajina Ruut Kiiski ja Jouni Rissanen), Tampere Filharmonia, joht. Matthew Halls.<\/p>\n\n\n\n<p><strong>28.5.2025 Tampere<\/strong> Tylli klo 19 \"Kev\u00e4tjuhla\"<\/p>\n\n\n\n<p><em>Hannikainen<\/em>: Kev\u00e4tsointuja, <em>Taube<\/em>: S\u00e5 skimrande var aldrig havet, <em>Chydenius<\/em>: Sinua, sinua, rakastan, <em>Forrest<\/em>: Psalm 8, <em>Parry<\/em>: I was glad, <em>Rutter<\/em>: The Lord bless you and keep you, <em>Beethoven<\/em>: Oodi ilolle (kuoro-osuus muokattuna), Tampereen Filharmoninen Kuoro, s\u00e4est. Tuuli Wirkkula, joht. Ruut Kiiski [Lis\u00e4ksi yksitt\u00e4isten kuorolaisten ja pienryhmien esityksi\u00e4]<\/p>\n\n\n\n<p><strong>4.4.2025 Tampere<\/strong> Tampere-talo klo 19<\/p>\n\n\n\n<p><em>Britten:<\/em> War Requiem, Emma Bell, sopraano, Ian Bostridge, tenori, Andrew Foster-Williams, baritoni, Pirkanpojat, Tampereen Filharmoninen Kuoro (valm. Ruut Kiiski ja Jouni Rissanen), Tampere Filharmonia, joht. Matthew Halls<\/p>\n\n\n\n<p><strong>2024<\/strong><\/p>\n\n\n\n<p><strong>13.12.2024 Tampere<\/strong> Tampereen tuomiokirkko klo 19<\/p>\n\n\n\n<p><em>H\u00e4ndel:<\/em> Messias, Joanne Lunn (sopraano), Jess Dandy (altto), James Gilchrist (tenori), James Platt (basso), Tampereen Filharmoninen Kuoro (valm. Ruut Kiiski ja Jouni Rissanen), Tampere Filharmonia, joht. Matthew Halls <\/p>\n\n\n\n<p><strong>4.12.2024 Yl\u00f6j\u00e4rvi<\/strong> Viljakkalan kirkko klo 19<\/p>\n\n\n\n<p>Joulukonsertti \"Syntyi lapsi maailmaan\", Tampereen Filharmonisen Kuoron naiset (valm. Sari Oksavuori), joht. Petrus Marjanen<\/p>\n\n\n\n<p><strong>25.10.2024 Tampere <\/strong>Tampere-talo klo 19<\/p>\n\n\n\n<p><em>Stravinski:<\/em> Psalmisinfonia, Tampereen Filharmoninen Kuoro (valm. Ruut Kiiski ja Jouni Rissanen), Tampere Filharmonia, joht. Matthew Halls <\/p>\n\n\n\n<p><strong>23.5.2024 Tampere <\/strong>Tampere-talo klo 19<\/p>\n\n\n\n<p><em>Mahler:<\/em> Sinfonia nro 2, \"Yl\u00f6snousemus\", Anu Komsi (sopr.), Dame Sarah Connolly (altto), Tampereen Filharmoninen Kuoro (valm. Ruut Kiiski ja Jouni Rissanen), Tampere Filharmonia, joht. Matthew Halls <\/p>\n\n\n\n<p><strong>28.3.2024 Tampere <\/strong>Tampere-talo klo 19<\/p>\n\n\n\n<p><em>Bach: <\/em>Johannes-passio, Charles Daniels, tenori, Sunhae Im, sopraano, Anna Harvey, altto, David Shipley, basso, Dominic Sedgwick, basso, Tampereen Filharmoninen Kuoro (valm. Ruut Kiiski ja Jouni Rissanen), Tampere Filharmonia, joht. Matthew Halls<\/p>\n\n\n\n<p><strong>15.2.2024 Tampere <\/strong>Tampere-talo klo 19<\/p>\n\n\n\n<p><em>Debussy: <\/em>Nocturnes, Tampereen Filharmonisen Kuoron naiset (valm. Ruut Kiiski ja Jouni Rissanen), Tampere Filharmonia, joht. Matthew Halls <\/p>\n\n\n\n<p><strong>2023<\/strong><\/p>\n\n\n\n<p><strong>6.12.2023 Tampere <\/strong>Tampere-talo klo 15<\/p>\n\n\n\n<p><em>Sibelius: <\/em>Oma maa, Finlandia. Tampereen Filharmoninen Kuoro (valm. Ruut Kiiski ja Jouni Rissanen), Tampere Filharmonia, joht. Ruut Kiiski<\/p>\n\n\n\n<p><strong>3.11.2023 Tampere <\/strong>Tampere-talo klo 19<\/p>\n\n\n\n<p><em>Mozart: <\/em>Requiem. Soraya Mafi (sopraano), Jess Dandy (altto), Toby Spence (tenori), Neal Davis (basso), Tampereen Filharmoninen Kuoro,  Ruut Kiiski ja Jouni Rissanen (kuoron valmennus), Tampere Filharmonia, joht. Matthew Halls<\/p>\n\n\n\n<p><strong>24.5.2023 Tampere<\/strong> Tampereen tuomiokirkko klo 19<\/p>\n\n\n\n<p>\"Valtaistuimen vierell\u00e4. Kruunajaismusiikin helmi\u00e4 ja kuninkaallisia s\u00e4velmi\u00e4\": <em>Handel<\/em> Zadok the priest, <em>James MacMillan<\/em> Who shall separate us, <em>C. Hubert H. Parry<\/em> I was glad, <em>R. Vaughn Williams<\/em> O taste and see,   <em>John Steiner <\/em>God so loved the world, <em>Samuel S. Wesley<\/em> Thou wilt keep him in perfect peace, <em>Handel<\/em> Hallelujah, <em>Edward Elgar<\/em> Pomp and circumstance no 1 (\"Land of hope and glory\"), op. 39, 1, <em>John Rutter <\/em>The Lord bless you and keep you. Anna-Maria Lehtoaho (urut),  Tampereen Filharmoninen Kuoro, joht. Ruut Kiiski<\/p>\n\n\n\n<p><strong>6.4.2023 Tampere<\/strong> Tampere-talo klo 19<\/p>\n\n\n\n<p><em>Bach<\/em>: Matteus-passio BWV 244. Simon Bode (evankelista), Lydia Teuscher (sopraano), Marie Seidler (altto), Hugo Hymas (tenori), Stephan MacLeod  (basso ja Jeesus), Cornelius Uhle (basso 2), Tampereen Filharmoninen Kuoro, Ruut Kiiski ja Jouni Rissanen (kuoron valmennus), Tampere Filharmonia, joht. Aapo H\u00e4kkinen<\/p>\n\n\n\n<p><strong>2022<\/strong><\/p>\n\n\n\n<p><strong>14.12.2022 Yl\u00f6j\u00e4rvi <\/strong>Yl\u00f6j\u00e4rven kirkko klo 19 <\/p>\n\n\n\n<p>Joulukonsertti \"Joulu-ilta\". <em>Britten<\/em>: A Ceremony of Carols, <em>Heinill\u00e4 h\u00e4rkien kaukalon <\/em>(trad. sov. S\u00e4de Bartling), <em>Kuula:<\/em> Rukous, <em>Madetoja:<\/em> Arkihuolesi kaikki heit\u00e4, <em>Sibelius:<\/em> En etsi valtaa loista, <em>Sibelius: <\/em>On hanget korkeat, nietokset (sov. Anna Huuskonen), <em>Nordqvist: <\/em> Jul, jul, str\u00e5lande jul, <em>Tournier: No\u00ebl [harppusoolo], Grovlez<\/em>: Petites litanies de J\u00e9sus [harppusoolo], <em>Matvejeff:<\/em> Joulu-ilta, <em>Maa on niin kaunis <\/em>(trad.), Kirsti Rissanen (harppu), Tampereen Filharmoninen Kuoro, joht. Jouni Rissanen (valm. yhdess\u00e4 Ruut Kiiskin kanssa) <\/p>\n\n\n\n<p><strong>25.11.2022 Tampere <\/strong>Tampere-talo klo 19<\/p>\n\n\n\n<p><em>Brahms: <\/em>Ein deutsches Requiem, Christina Landshamer, sopraano, Boris Pr\u00fdgl, baritoni, Tampereen Filharmoninen Kuoro (valm. Ruut Kiiski ja Jouni Rissanen), Tampere Filharmonia, joht. Petr Popelka<\/p>\n\n\n\n<p><strong>12. ja 13.5.2022 Tampere <\/strong>Tampere-talo klo 19<\/p>\n\n\n\n<p><em>Beethoven:<\/em> Sinfonia nro 9, solistit Mari Eriksmoen (sopr.), Niina Keitel (altto), Tuomas Katajala (tenori), Giorgi Kirof (basso), Tampereen Filharmoninen Kuoro, valm. Ruut Kiiski ja Jouni Rissanen, Tampere Filharmonia, joht. Santtu-Matias Rouvali. <\/p>\n\n\n\n<p><strong>3.5.2022 Turku<\/strong> Mikaelinkirkko ja <a href=\"https:\/\/www.youtube.com\/watch?v=Fy2_FvVK2jY\" target=\"_blank\" rel=\"noreferrer noopener\"><strong>7.5.2022 Helsinki<\/strong> Kallion kirkko<\/a><\/p>\n\n\n\n<p><em>Beethoven<\/em>: Sinfonia nro 9, solistit Johanna Lehesvuori, Jeni Packal\u00e9n, Ville Salonen ja Joonas Orrain, Tampereen Filharmoninen Kuoro, valm. Ruut Kiiski ja Jouni Rissanen, Collegium Musicum Turku, joht. Satu Simola.<\/p>\n\n\n\n<p><strong>19.3.2022 Tampere <\/strong>Kalevan kirkko klo 18<\/p>\n\n\n\n<p>\"Jotain vanhaa, jotain uutta\"-konsertti.  <em>Parry<\/em> I was glad, <em>Bach<\/em> Jesus bleibet meine Freude (BWV 147), <em>H\u00e4ndel<\/em> Hallelujaa-kuoro oratoriosta Messias, <em>Durufl\u00e9 <\/em>Ubi caritas (Quatre motets, op. 10, nro 1), <em>Wagner <\/em>morsiuskuoro Lohengrinista, <em>Steiner <\/em>God so loved the world, <em>Elgar <\/em>Pomp and circumstance, march nr 1 \"Land of hope and glory\", <em>Rutter <\/em>The lord bless you and keep you. Tampereen Filharmoninen Kuoro ja Katri V\u00e4h\u00e4m\u00e4ki, urut, joht. Ruut Kiiski.  <\/p>\n\n\n\n<p><strong>2021<\/strong><\/p>\n\n\n\n<p><strong>8. ja 9.10.2021 Tampere <\/strong>Tampere-talo klo 19<br><em>Verdi<\/em>: Requiem&nbsp;<br>Marjukka Tepponen, sopraano<br>Maiju Vaahtoluoto, mezzosopraano&nbsp;<br>Andrea Shin, tenori<br>Giorgi Kirof, basso&nbsp;<br>Tampereen Filharmoninen Kuoro, valm. Ruut Kiiski ja Jouni Rissanen<br>Tampereen oopperan kuoro, valm. Heikki Liimola<br>Tampere Filharmonia, joht. Santtu-Matias Rouvali<\/p>\n","protected":false},"excerpt":{"rendered":"<p>2025 19.12.2025 Tampere Tampere-talo klo 19 J. S. Bach: Jouluoratorio, kantaatit I-III ja VI, Solistit Lydia Teuscher, sopraano, Jess Dandy, altto, Tuomas Katajala, tenori, Arttu Kataja, basso. Tampereen Filharmoninen kuoro, kuoron valmennus Jouni Rissanen ja Ruut Kiiski, Tampere Filharmonia, joht. Matthew Halls 7.12.2025 Tampere Joulutori (Keskustori) klo 17. Hark the Herald\u2019s Angels, Once in Royal <a href=\"https:\/\/tfk.fi\/wp1\/konsertit-2021\/\" class=\"more-link\">...jatka lukemista<span class=\"screen-reader-text\"> \"Konsertit 2021 \u2013 2025\"<\/span><\/a><\/p>\n","protected":false},"author":4,"featured_media":0,"parent":0,"menu_order":0,"comment_status":"closed","ping_status":"closed","template":"","meta":{"footnotes":""},"class_list":["post-1099","page","type-page","status-publish","h-entry","hentry","h-as-page"],"yoast_head":"<!-- This site is optimized with the Yoast SEO plugin v23.4 - https:\/\/yoast.com\/wordpress\/plugins\/seo\/ -->\n<title>Konsertit 2021 \u2013 2025 - TAMPEREEN FILHARMONINEN KUORO<\/title>\n<meta name=\"robots\" content=\"index, follow, max-snippet:-1, max-image-preview:large, max-video-preview:-1\" \/>\n<link rel=\"canonical\" href=\"https:\/\/tfk.fi\/wp1\/konsertit-2021\/\" \/>\n<meta property=\"og:locale\" content=\"fi_FI\" \/>\n<meta property=\"og:type\" content=\"article\" \/>\n<meta property=\"og:title\" content=\"Konsertit 2021 \u2013 2025 - TAMPEREEN FILHARMONINEN KUORO\" \/>\n<meta property=\"og:description\" content=\"2025 19.12.2025 Tampere Tampere-talo klo 19 J. S. Bach: Jouluoratorio, kantaatit I-III ja VI, Solistit Lydia Teuscher, sopraano, Jess Dandy, altto, Tuomas Katajala, tenori, Arttu Kataja, basso. Tampereen Filharmoninen kuoro, kuoron valmennus Jouni Rissanen ja Ruut Kiiski, Tampere Filharmonia, joht. Matthew Halls 7.12.2025 Tampere Joulutori (Keskustori) klo 17. Hark the Herald\u2019s Angels, Once in Royal ...jatka lukemista &quot;Konsertit 2021 \u2013 2025&quot;\" \/>\n<meta property=\"og:url\" content=\"https:\/\/tfk.fi\/wp1\/konsertit-2021\/\" \/>\n<meta property=\"og:site_name\" content=\"TAMPEREEN FILHARMONINEN KUORO\" \/>\n<meta property=\"article:publisher\" content=\"https:\/\/fi-fi.facebook.com\/TampereenFilharmoninenKuoro\/\" \/>\n<meta property=\"article:modified_time\" content=\"2025-12-20T15:08:55+00:00\" \/>\n<meta name=\"twitter:card\" content=\"summary_large_image\" \/>\n<meta name=\"twitter:site\" content=\"@tfk_tampere\" \/>\n<meta name=\"twitter:label1\" content=\"Arvioitu lukuaika\" \/>\n\t<meta name=\"twitter:data1\" content=\"6 minuuttia\" \/>\n<script type=\"application\/ld+json\" class=\"yoast-schema-graph\">{\"@context\":\"https:\/\/schema.org\",\"@graph\":[{\"@type\":\"WebPage\",\"@id\":\"https:\/\/tfk.fi\/wp1\/konsertit-2021\/\",\"url\":\"https:\/\/tfk.fi\/wp1\/konsertit-2021\/\",\"name\":\"Konsertit 2021 \u2013 2025 - TAMPEREEN FILHARMONINEN KUORO\",\"isPartOf\":{\"@id\":\"https:\/\/tfk.fi\/wp1\/#website\"},\"datePublished\":\"2021-10-09T07:30:36+00:00\",\"dateModified\":\"2025-12-20T15:08:55+00:00\",\"breadcrumb\":{\"@id\":\"https:\/\/tfk.fi\/wp1\/konsertit-2021\/#breadcrumb\"},\"inLanguage\":\"fi\",\"potentialAction\":[{\"@type\":\"ReadAction\",\"target\":[\"https:\/\/tfk.fi\/wp1\/konsertit-2021\/\"]}]},{\"@type\":\"BreadcrumbList\",\"@id\":\"https:\/\/tfk.fi\/wp1\/konsertit-2021\/#breadcrumb\",\"itemListElement\":[{\"@type\":\"ListItem\",\"position\":1,\"name\":\"Home\",\"item\":\"https:\/\/tfk.fi\/wp1\/\"},{\"@type\":\"ListItem\",\"position\":2,\"name\":\"Konsertit 2021 \u2013 2025\"}]},{\"@type\":\"WebSite\",\"@id\":\"https:\/\/tfk.fi\/wp1\/#website\",\"url\":\"https:\/\/tfk.fi\/wp1\/\",\"name\":\"TAMPEREEN FILHARMONINEN KUORO\",\"description\":\"Tampere Philharmonic Choir\",\"publisher\":{\"@id\":\"https:\/\/tfk.fi\/wp1\/#organization\"},\"potentialAction\":[{\"@type\":\"SearchAction\",\"target\":{\"@type\":\"EntryPoint\",\"urlTemplate\":\"https:\/\/tfk.fi\/wp1\/?s={search_term_string}\"},\"query-input\":{\"@type\":\"PropertyValueSpecification\",\"valueRequired\":true,\"valueName\":\"search_term_string\"}}],\"inLanguage\":\"fi\"},{\"@type\":\"Organization\",\"@id\":\"https:\/\/tfk.fi\/wp1\/#organization\",\"name\":\"Tampereen Filharmoninen Kuoro\",\"url\":\"https:\/\/tfk.fi\/wp1\/\",\"logo\":{\"@type\":\"ImageObject\",\"inLanguage\":\"fi\",\"@id\":\"https:\/\/tfk.fi\/wp1\/#\/schema\/logo\/image\/\",\"url\":\"https:\/\/tfk.fi\/wp1\/wp-content\/uploads\/2018\/08\/TFK-logo_100x50.jpg\",\"contentUrl\":\"https:\/\/tfk.fi\/wp1\/wp-content\/uploads\/2018\/08\/TFK-logo_100x50.jpg\",\"width\":100,\"height\":53,\"caption\":\"Tampereen Filharmoninen Kuoro\"},\"image\":{\"@id\":\"https:\/\/tfk.fi\/wp1\/#\/schema\/logo\/image\/\"},\"sameAs\":[\"https:\/\/fi-fi.facebook.com\/TampereenFilharmoninenKuoro\/\",\"https:\/\/x.com\/tfk_tampere\",\"https:\/\/www.instagram.com\/tampereenfilharmoninenkuoro\/?hl=fi\",\"https:\/\/www.youtube.com\/channel\/UCHNsgug_VXv_-TiyOBP5_cg\/featured\",\"https:\/\/fi.wikipedia.org\/wiki\/Tampereen_Filharmoninen_Kuoro\"]}]}<\/script>\n<!-- \/ Yoast SEO plugin. -->","yoast_head_json":{"title":"Konsertit 2021 \u2013 2025 - TAMPEREEN FILHARMONINEN KUORO","robots":{"index":"index","follow":"follow","max-snippet":"max-snippet:-1","max-image-preview":"max-image-preview:large","max-video-preview":"max-video-preview:-1"},"canonical":"https:\/\/tfk.fi\/wp1\/konsertit-2021\/","og_locale":"fi_FI","og_type":"article","og_title":"Konsertit 2021 \u2013 2025 - TAMPEREEN FILHARMONINEN KUORO","og_description":"2025 19.12.2025 Tampere Tampere-talo klo 19 J. S. Bach: Jouluoratorio, kantaatit I-III ja VI, Solistit Lydia Teuscher, sopraano, Jess Dandy, altto, Tuomas Katajala, tenori, Arttu Kataja, basso. Tampereen Filharmoninen kuoro, kuoron valmennus Jouni Rissanen ja Ruut Kiiski, Tampere Filharmonia, joht. Matthew Halls 7.12.2025 Tampere Joulutori (Keskustori) klo 17. Hark the Herald\u2019s Angels, Once in Royal ...jatka lukemista \"Konsertit 2021 \u2013 2025\"","og_url":"https:\/\/tfk.fi\/wp1\/konsertit-2021\/","og_site_name":"TAMPEREEN FILHARMONINEN KUORO","article_publisher":"https:\/\/fi-fi.facebook.com\/TampereenFilharmoninenKuoro\/","article_modified_time":"2025-12-20T15:08:55+00:00","twitter_card":"summary_large_image","twitter_site":"@tfk_tampere","twitter_misc":{"Arvioitu lukuaika":"6 minuuttia"},"schema":{"@context":"https:\/\/schema.org","@graph":[{"@type":"WebPage","@id":"https:\/\/tfk.fi\/wp1\/konsertit-2021\/","url":"https:\/\/tfk.fi\/wp1\/konsertit-2021\/","name":"Konsertit 2021 \u2013 2025 - TAMPEREEN FILHARMONINEN KUORO","isPartOf":{"@id":"https:\/\/tfk.fi\/wp1\/#website"},"datePublished":"2021-10-09T07:30:36+00:00","dateModified":"2025-12-20T15:08:55+00:00","breadcrumb":{"@id":"https:\/\/tfk.fi\/wp1\/konsertit-2021\/#breadcrumb"},"inLanguage":"fi","potentialAction":[{"@type":"ReadAction","target":["https:\/\/tfk.fi\/wp1\/konsertit-2021\/"]}]},{"@type":"BreadcrumbList","@id":"https:\/\/tfk.fi\/wp1\/konsertit-2021\/#breadcrumb","itemListElement":[{"@type":"ListItem","position":1,"name":"Home","item":"https:\/\/tfk.fi\/wp1\/"},{"@type":"ListItem","position":2,"name":"Konsertit 2021 \u2013 2025"}]},{"@type":"WebSite","@id":"https:\/\/tfk.fi\/wp1\/#website","url":"https:\/\/tfk.fi\/wp1\/","name":"TAMPEREEN FILHARMONINEN KUORO","description":"Tampere Philharmonic Choir","publisher":{"@id":"https:\/\/tfk.fi\/wp1\/#organization"},"potentialAction":[{"@type":"SearchAction","target":{"@type":"EntryPoint","urlTemplate":"https:\/\/tfk.fi\/wp1\/?s={search_term_string}"},"query-input":{"@type":"PropertyValueSpecification","valueRequired":true,"valueName":"search_term_string"}}],"inLanguage":"fi"},{"@type":"Organization","@id":"https:\/\/tfk.fi\/wp1\/#organization","name":"Tampereen Filharmoninen Kuoro","url":"https:\/\/tfk.fi\/wp1\/","logo":{"@type":"ImageObject","inLanguage":"fi","@id":"https:\/\/tfk.fi\/wp1\/#\/schema\/logo\/image\/","url":"https:\/\/tfk.fi\/wp1\/wp-content\/uploads\/2018\/08\/TFK-logo_100x50.jpg","contentUrl":"https:\/\/tfk.fi\/wp1\/wp-content\/uploads\/2018\/08\/TFK-logo_100x50.jpg","width":100,"height":53,"caption":"Tampereen Filharmoninen Kuoro"},"image":{"@id":"https:\/\/tfk.fi\/wp1\/#\/schema\/logo\/image\/"},"sameAs":["https:\/\/fi-fi.facebook.com\/TampereenFilharmoninenKuoro\/","https:\/\/x.com\/tfk_tampere","https:\/\/www.instagram.com\/tampereenfilharmoninenkuoro\/?hl=fi","https:\/\/www.youtube.com\/channel\/UCHNsgug_VXv_-TiyOBP5_cg\/featured","https:\/\/fi.wikipedia.org\/wiki\/Tampereen_Filharmoninen_Kuoro"]}]}},"_links":{"self":[{"href":"https:\/\/tfk.fi\/wp1\/wp-json\/wp\/v2\/pages\/1099","targetHints":{"allow":["GET"]}}],"collection":[{"href":"https:\/\/tfk.fi\/wp1\/wp-json\/wp\/v2\/pages"}],"about":[{"href":"https:\/\/tfk.fi\/wp1\/wp-json\/wp\/v2\/types\/page"}],"author":[{"embeddable":true,"href":"https:\/\/tfk.fi\/wp1\/wp-json\/wp\/v2\/users\/4"}],"replies":[{"embeddable":true,"href":"https:\/\/tfk.fi\/wp1\/wp-json\/wp\/v2\/comments?post=1099"}],"version-history":[{"count":33,"href":"https:\/\/tfk.fi\/wp1\/wp-json\/wp\/v2\/pages\/1099\/revisions"}],"predecessor-version":[{"id":1712,"href":"https:\/\/tfk.fi\/wp1\/wp-json\/wp\/v2\/pages\/1099\/revisions\/1712"}],"wp:attachment":[{"href":"https:\/\/tfk.fi\/wp1\/wp-json\/wp\/v2\/media?parent=1099"}],"curies":[{"name":"wp","href":"https:\/\/api.w.org\/{rel}","templated":true}]}}