{"id":1291,"date":"2022-12-10T15:11:46","date_gmt":"2022-12-10T13:11:46","guid":{"rendered":"https:\/\/tfk.fi\/wp1\/?page_id=1291"},"modified":"2024-01-28T12:19:37","modified_gmt":"2024-01-28T10:19:37","slug":"kannattajajaseneksi","status":"publish","type":"page","link":"https:\/\/tfk.fi\/wp1\/kannattajajaseneksi\/","title":{"rendered":"Kannatusj\u00e4seneksi"},"content":{"rendered":"\n<p>LIITY TAMPEREEN FILHARMONISEN KUORON KANNATUSJ\u00c4SENEKSI!<\/p>\n\n\n\n<p>Tampereen Filharmoninen Kuoro on jo yli 30 vuoden ajan tuottanut iloa ja musiikkiel\u00e4myksi\u00e4 tamperelaisille isoilla orkesteriteoksilla ja omilla a cappella -produktioilla. Tampere Filharmonia on kuoron t\u00e4rkein yhteisty\u00f6kumppani, mutta kuoro on esiintynyt my\u00f6s mm. Radion sinfoniaorkesterin, Helsingin kaupunginorkesterin, Plovdivin valtionoopperan orkesterin sek\u00e4 Sein\u00e4joen ja Vaasan orkestereiden kanssa.&nbsp;<\/p>\n\n\n\n<p>Voit liitty\u00e4 Tampereen Filharmonisen Kuoron kannatusj\u00e4seneksi ja tukea siten korkeatasoista tamperelaista musiikkitoimintaa.&nbsp;<\/p>\n\n\n\n<p><strong>Kuka voi liitty\u00e4? Paljonko se maksaa?<br><br><\/strong>Kannatusj\u00e4seneksi voi ryhty\u00e4 niin yksityishenkil\u00f6 kuin yrityskin.<br>Kannatusj\u00e4senmaksu on yksityishenkil\u00f6ilt\u00e4 100 \u20ac ja yhteis\u00f6ilt\u00e4\/yrityksilt\u00e4 300 \u20ac. Kannatusj\u00e4senmaksu on voimassa aina kalenterivuoden, eik\u00e4 se sido sinua mihink\u00e4\u00e4n. Jos ryhdyt kannatusj\u00e4seneksi viimeisen vuosinelj\u00e4nneksen aikana, kannatusj\u00e4senyytesi on voimassa seuraavan kalenterivuoden ajan.&nbsp;<\/p>\n\n\n\n<p><strong>Onko kannatusj\u00e4senyydest\u00e4 jotain hy\u00f6ty\u00e4?<\/strong><\/p>\n\n\n\n<p>Kannatusj\u00e4senen\u00e4 yksityishenkil\u00f6 saa kaikkiin TFK:n omatuotantoisiin konsertteihin* yhden vapaalipun. Yhteis\u00f6\/yrityskannatusj\u00e4senille j\u00e4senyys mahdollistaa kaksi vapaalippua. Saat halutessasi my\u00f6s nimesi tai yrityksesi logon n\u00e4kyviin kuoron verkkosivuille ja sosiaaliseen mediaan.&nbsp;<\/p>\n\n\n\n<p><strong>Miten toimin?<\/strong><\/p>\n\n\n\n<p>Voit maksaa j\u00e4senmaksun kuoron tilille. L\u00e4het\u00e4 maksettuasi s\u00e4hk\u00f6posti kuoron s\u00e4hk\u00f6postiin info(\u00e4t)tfk.fi ja kerro, ett\u00e4 olet liittynyt kannatusj\u00e4seneksi. Voit maksaa useamman henkil\u00f6n kannatusj\u00e4senmaksun kerralla, mutta ilmoitathan meille kuitenkin v\u00e4hint\u00e4\u00e4n yhden s\u00e4hk\u00f6postiosoitteen, johon voimme tarvittaessa olla yhteydess\u00e4.&nbsp;<\/p>\n\n\n\n<p>Saaja: Tampereen Filharmoninen Kuoro&nbsp;<\/p>\n\n\n\n<p>Tilinumero: FI48 6601 0001 0314 67&nbsp;<\/p>\n\n\n\n<p>Viitenumero: 202251<\/p>\n\n\n\n<p>*) Tampere Filharmonian j\u00e4rjest\u00e4miin konsertteihin meill\u00e4 ei valitettavasti ole valtuuksia j\u00e4rjest\u00e4\u00e4 vapaalippuja.<\/p>\n","protected":false},"excerpt":{"rendered":"<p>LIITY TAMPEREEN FILHARMONISEN KUORON KANNATUSJ\u00c4SENEKSI! Tampereen Filharmoninen Kuoro on jo yli 30 vuoden ajan tuottanut iloa ja musiikkiel\u00e4myksi\u00e4 tamperelaisille isoilla orkesteriteoksilla ja omilla a cappella -produktioilla. Tampere Filharmonia on kuoron t\u00e4rkein yhteisty\u00f6kumppani, mutta kuoro on esiintynyt my\u00f6s mm. Radion sinfoniaorkesterin, Helsingin kaupunginorkesterin, Plovdivin valtionoopperan orkesterin sek\u00e4 Sein\u00e4joen ja Vaasan orkestereiden kanssa.&nbsp; Voit liitty\u00e4 Tampereen Filharmonisen <a href=\"https:\/\/tfk.fi\/wp1\/kannattajajaseneksi\/\" class=\"more-link\">...jatka lukemista<span class=\"screen-reader-text\"> \"Kannatusj\u00e4seneksi\"<\/span><\/a><\/p>\n","protected":false},"author":1,"featured_media":0,"parent":0,"menu_order":0,"comment_status":"closed","ping_status":"closed","template":"","meta":{"footnotes":""},"class_list":["post-1291","page","type-page","status-publish","h-entry","hentry","h-as-page"],"yoast_head":"<!-- This site is optimized with the Yoast SEO plugin v23.4 - https:\/\/yoast.com\/wordpress\/plugins\/seo\/ -->\n<title>Kannatusj\u00e4seneksi - TAMPEREEN FILHARMONINEN KUORO<\/title>\n<meta name=\"robots\" content=\"index, follow, max-snippet:-1, max-image-preview:large, max-video-preview:-1\" \/>\n<link rel=\"canonical\" href=\"https:\/\/tfk.fi\/wp1\/kannattajajaseneksi\/\" \/>\n<meta property=\"og:locale\" content=\"fi_FI\" \/>\n<meta property=\"og:type\" content=\"article\" \/>\n<meta property=\"og:title\" content=\"Kannatusj\u00e4seneksi - TAMPEREEN FILHARMONINEN KUORO\" \/>\n<meta property=\"og:description\" content=\"LIITY TAMPEREEN FILHARMONISEN KUORON KANNATUSJ\u00c4SENEKSI! Tampereen Filharmoninen Kuoro on jo yli 30 vuoden ajan tuottanut iloa ja musiikkiel\u00e4myksi\u00e4 tamperelaisille isoilla orkesteriteoksilla ja omilla a cappella -produktioilla. Tampere Filharmonia on kuoron t\u00e4rkein yhteisty\u00f6kumppani, mutta kuoro on esiintynyt my\u00f6s mm. Radion sinfoniaorkesterin, Helsingin kaupunginorkesterin, Plovdivin valtionoopperan orkesterin sek\u00e4 Sein\u00e4joen ja Vaasan orkestereiden kanssa.&nbsp; Voit liitty\u00e4 Tampereen Filharmonisen ...jatka lukemista &quot;Kannatusj\u00e4seneksi&quot;\" \/>\n<meta property=\"og:url\" content=\"https:\/\/tfk.fi\/wp1\/kannattajajaseneksi\/\" \/>\n<meta property=\"og:site_name\" content=\"TAMPEREEN FILHARMONINEN KUORO\" \/>\n<meta property=\"article:publisher\" content=\"https:\/\/fi-fi.facebook.com\/TampereenFilharmoninenKuoro\/\" \/>\n<meta property=\"article:modified_time\" content=\"2024-01-28T10:19:37+00:00\" \/>\n<meta name=\"twitter:card\" content=\"summary_large_image\" \/>\n<meta name=\"twitter:site\" content=\"@tfk_tampere\" \/>\n<meta name=\"twitter:label1\" content=\"Arvioitu lukuaika\" \/>\n\t<meta name=\"twitter:data1\" content=\"2 minuuttia\" \/>\n<script type=\"application\/ld+json\" class=\"yoast-schema-graph\">{\"@context\":\"https:\/\/schema.org\",\"@graph\":[{\"@type\":\"WebPage\",\"@id\":\"https:\/\/tfk.fi\/wp1\/kannattajajaseneksi\/\",\"url\":\"https:\/\/tfk.fi\/wp1\/kannattajajaseneksi\/\",\"name\":\"Kannatusj\u00e4seneksi - TAMPEREEN FILHARMONINEN KUORO\",\"isPartOf\":{\"@id\":\"https:\/\/tfk.fi\/wp1\/#website\"},\"datePublished\":\"2022-12-10T13:11:46+00:00\",\"dateModified\":\"2024-01-28T10:19:37+00:00\",\"breadcrumb\":{\"@id\":\"https:\/\/tfk.fi\/wp1\/kannattajajaseneksi\/#breadcrumb\"},\"inLanguage\":\"fi\",\"potentialAction\":[{\"@type\":\"ReadAction\",\"target\":[\"https:\/\/tfk.fi\/wp1\/kannattajajaseneksi\/\"]}]},{\"@type\":\"BreadcrumbList\",\"@id\":\"https:\/\/tfk.fi\/wp1\/kannattajajaseneksi\/#breadcrumb\",\"itemListElement\":[{\"@type\":\"ListItem\",\"position\":1,\"name\":\"Home\",\"item\":\"https:\/\/tfk.fi\/wp1\/\"},{\"@type\":\"ListItem\",\"position\":2,\"name\":\"Kannatusj\u00e4seneksi\"}]},{\"@type\":\"WebSite\",\"@id\":\"https:\/\/tfk.fi\/wp1\/#website\",\"url\":\"https:\/\/tfk.fi\/wp1\/\",\"name\":\"TAMPEREEN FILHARMONINEN KUORO\",\"description\":\"Tampere Philharmonic Choir\",\"publisher\":{\"@id\":\"https:\/\/tfk.fi\/wp1\/#organization\"},\"potentialAction\":[{\"@type\":\"SearchAction\",\"target\":{\"@type\":\"EntryPoint\",\"urlTemplate\":\"https:\/\/tfk.fi\/wp1\/?s={search_term_string}\"},\"query-input\":{\"@type\":\"PropertyValueSpecification\",\"valueRequired\":true,\"valueName\":\"search_term_string\"}}],\"inLanguage\":\"fi\"},{\"@type\":\"Organization\",\"@id\":\"https:\/\/tfk.fi\/wp1\/#organization\",\"name\":\"Tampereen Filharmoninen Kuoro\",\"url\":\"https:\/\/tfk.fi\/wp1\/\",\"logo\":{\"@type\":\"ImageObject\",\"inLanguage\":\"fi\",\"@id\":\"https:\/\/tfk.fi\/wp1\/#\/schema\/logo\/image\/\",\"url\":\"https:\/\/tfk.fi\/wp1\/wp-content\/uploads\/2018\/08\/TFK-logo_100x50.jpg\",\"contentUrl\":\"https:\/\/tfk.fi\/wp1\/wp-content\/uploads\/2018\/08\/TFK-logo_100x50.jpg\",\"width\":100,\"height\":53,\"caption\":\"Tampereen Filharmoninen Kuoro\"},\"image\":{\"@id\":\"https:\/\/tfk.fi\/wp1\/#\/schema\/logo\/image\/\"},\"sameAs\":[\"https:\/\/fi-fi.facebook.com\/TampereenFilharmoninenKuoro\/\",\"https:\/\/x.com\/tfk_tampere\",\"https:\/\/www.instagram.com\/tampereenfilharmoninenkuoro\/?hl=fi\",\"https:\/\/www.youtube.com\/channel\/UCHNsgug_VXv_-TiyOBP5_cg\/featured\",\"https:\/\/fi.wikipedia.org\/wiki\/Tampereen_Filharmoninen_Kuoro\"]}]}<\/script>\n<!-- \/ Yoast SEO plugin. -->","yoast_head_json":{"title":"Kannatusj\u00e4seneksi - TAMPEREEN FILHARMONINEN KUORO","robots":{"index":"index","follow":"follow","max-snippet":"max-snippet:-1","max-image-preview":"max-image-preview:large","max-video-preview":"max-video-preview:-1"},"canonical":"https:\/\/tfk.fi\/wp1\/kannattajajaseneksi\/","og_locale":"fi_FI","og_type":"article","og_title":"Kannatusj\u00e4seneksi - TAMPEREEN FILHARMONINEN KUORO","og_description":"LIITY TAMPEREEN FILHARMONISEN KUORON KANNATUSJ\u00c4SENEKSI! Tampereen Filharmoninen Kuoro on jo yli 30 vuoden ajan tuottanut iloa ja musiikkiel\u00e4myksi\u00e4 tamperelaisille isoilla orkesteriteoksilla ja omilla a cappella -produktioilla. Tampere Filharmonia on kuoron t\u00e4rkein yhteisty\u00f6kumppani, mutta kuoro on esiintynyt my\u00f6s mm. Radion sinfoniaorkesterin, Helsingin kaupunginorkesterin, Plovdivin valtionoopperan orkesterin sek\u00e4 Sein\u00e4joen ja Vaasan orkestereiden kanssa.&nbsp; Voit liitty\u00e4 Tampereen Filharmonisen ...jatka lukemista \"Kannatusj\u00e4seneksi\"","og_url":"https:\/\/tfk.fi\/wp1\/kannattajajaseneksi\/","og_site_name":"TAMPEREEN FILHARMONINEN KUORO","article_publisher":"https:\/\/fi-fi.facebook.com\/TampereenFilharmoninenKuoro\/","article_modified_time":"2024-01-28T10:19:37+00:00","twitter_card":"summary_large_image","twitter_site":"@tfk_tampere","twitter_misc":{"Arvioitu lukuaika":"2 minuuttia"},"schema":{"@context":"https:\/\/schema.org","@graph":[{"@type":"WebPage","@id":"https:\/\/tfk.fi\/wp1\/kannattajajaseneksi\/","url":"https:\/\/tfk.fi\/wp1\/kannattajajaseneksi\/","name":"Kannatusj\u00e4seneksi - TAMPEREEN FILHARMONINEN KUORO","isPartOf":{"@id":"https:\/\/tfk.fi\/wp1\/#website"},"datePublished":"2022-12-10T13:11:46+00:00","dateModified":"2024-01-28T10:19:37+00:00","breadcrumb":{"@id":"https:\/\/tfk.fi\/wp1\/kannattajajaseneksi\/#breadcrumb"},"inLanguage":"fi","potentialAction":[{"@type":"ReadAction","target":["https:\/\/tfk.fi\/wp1\/kannattajajaseneksi\/"]}]},{"@type":"BreadcrumbList","@id":"https:\/\/tfk.fi\/wp1\/kannattajajaseneksi\/#breadcrumb","itemListElement":[{"@type":"ListItem","position":1,"name":"Home","item":"https:\/\/tfk.fi\/wp1\/"},{"@type":"ListItem","position":2,"name":"Kannatusj\u00e4seneksi"}]},{"@type":"WebSite","@id":"https:\/\/tfk.fi\/wp1\/#website","url":"https:\/\/tfk.fi\/wp1\/","name":"TAMPEREEN FILHARMONINEN KUORO","description":"Tampere Philharmonic Choir","publisher":{"@id":"https:\/\/tfk.fi\/wp1\/#organization"},"potentialAction":[{"@type":"SearchAction","target":{"@type":"EntryPoint","urlTemplate":"https:\/\/tfk.fi\/wp1\/?s={search_term_string}"},"query-input":{"@type":"PropertyValueSpecification","valueRequired":true,"valueName":"search_term_string"}}],"inLanguage":"fi"},{"@type":"Organization","@id":"https:\/\/tfk.fi\/wp1\/#organization","name":"Tampereen Filharmoninen Kuoro","url":"https:\/\/tfk.fi\/wp1\/","logo":{"@type":"ImageObject","inLanguage":"fi","@id":"https:\/\/tfk.fi\/wp1\/#\/schema\/logo\/image\/","url":"https:\/\/tfk.fi\/wp1\/wp-content\/uploads\/2018\/08\/TFK-logo_100x50.jpg","contentUrl":"https:\/\/tfk.fi\/wp1\/wp-content\/uploads\/2018\/08\/TFK-logo_100x50.jpg","width":100,"height":53,"caption":"Tampereen Filharmoninen Kuoro"},"image":{"@id":"https:\/\/tfk.fi\/wp1\/#\/schema\/logo\/image\/"},"sameAs":["https:\/\/fi-fi.facebook.com\/TampereenFilharmoninenKuoro\/","https:\/\/x.com\/tfk_tampere","https:\/\/www.instagram.com\/tampereenfilharmoninenkuoro\/?hl=fi","https:\/\/www.youtube.com\/channel\/UCHNsgug_VXv_-TiyOBP5_cg\/featured","https:\/\/fi.wikipedia.org\/wiki\/Tampereen_Filharmoninen_Kuoro"]}]}},"_links":{"self":[{"href":"https:\/\/tfk.fi\/wp1\/wp-json\/wp\/v2\/pages\/1291","targetHints":{"allow":["GET"]}}],"collection":[{"href":"https:\/\/tfk.fi\/wp1\/wp-json\/wp\/v2\/pages"}],"about":[{"href":"https:\/\/tfk.fi\/wp1\/wp-json\/wp\/v2\/types\/page"}],"author":[{"embeddable":true,"href":"https:\/\/tfk.fi\/wp1\/wp-json\/wp\/v2\/users\/1"}],"replies":[{"embeddable":true,"href":"https:\/\/tfk.fi\/wp1\/wp-json\/wp\/v2\/comments?post=1291"}],"version-history":[{"count":3,"href":"https:\/\/tfk.fi\/wp1\/wp-json\/wp\/v2\/pages\/1291\/revisions"}],"predecessor-version":[{"id":1489,"href":"https:\/\/tfk.fi\/wp1\/wp-json\/wp\/v2\/pages\/1291\/revisions\/1489"}],"wp:attachment":[{"href":"https:\/\/tfk.fi\/wp1\/wp-json\/wp\/v2\/media?parent=1291"}],"curies":[{"name":"wp","href":"https:\/\/api.w.org\/{rel}","templated":true}]}}