{"id":136,"date":"2018-08-09T23:41:29","date_gmt":"2018-08-09T20:41:29","guid":{"rendered":"http:\/\/178.63.53.181\/~tfkfi\/wp1\/?page_id=136"},"modified":"2022-09-07T14:28:24","modified_gmt":"2022-09-07T11:28:24","slug":"konsertit-2011-2015","status":"publish","type":"page","link":"https:\/\/tfk.fi\/wp1\/konsertit-2011-2015\/","title":{"rendered":"Konsertit 2011 &#8211; 2015"},"content":{"rendered":"<h4>2015<\/h4>\n<p><strong>4.12. Tampere,<\/strong>\u00a0Tampere-talo<br \/>\n<em>Holst:\u00a0Planeetat<\/em><br \/>\nTampereen Filharmonisen Kuoron naiset, valm. Jani Siv\u00e9n<br \/>\nTampere Filharmonia, joht. Santtu-Matias Rouvali<\/p>\n<p><strong>30.10. Tampere,\u00a0<\/strong>Tampere-talo<br \/>\n<em>Brahms: Ein deutsches Requiem<\/em><br \/>\nCamilla Nylund (sopr.), Arttu Kataja (barit.)<br \/>\nTampereen Filharmoninen Kuoro,\u00a0 valm. Jani Siv\u00e9n<br \/>\nTampere Filharmonia,\u00a0joht. Leif Segerstam<\/p>\n<p><strong>3.6. Tampere,\u00a0<\/strong>Tampere-talo,\u00a0\"Pohjolan kes\u00e4iset y\u00f6t\"<br \/>\nJean Sibelius: Maan virsi, op. 95, Impromptu op. 19 (naiskuoro), Vapautettu kuningatar, op.\u00a048 ja Oma maa op. 92<br \/>\nTampereen Filharmoninen Kuoro,\u00a0 valm. Jani Siv\u00e9n<br \/>\nTampere Filharmonia,\u00a0joht. Santtu-Matias Rouvali<\/p>\n<p><strong>18.4.2015 Yl\u00f6j\u00e4rvi\u00a0<\/strong>Yl\u00f6j\u00e4rven kirkko ja<br \/>\n<strong>19.4.2015 Tampere,<\/strong>\u00a0Tampereen tuomiokirkko<br \/>\n<em>Knut Nystedt (1915- ):\u00a0Get you up<\/em><br \/>\n<em>Anton Bruckner (1824-1896):\u00a0Ave Maria,\u00a0Locus iste,\u00a0Christus factus est<\/em><br \/>\n<em>Maurice Durufl\u00e9 (1902-1986): Quatre motets sur des th\u00e8mes gr\u00e9goriens op. 10:\u00a0Ubi caritas et amor,\u00a0Tota pulchra es,\u00a0Tu es Petrus,\u00a0Tantum ergo<\/em><br \/>\n<em>Olivier Messiaen (1908-1992):\u00a0O sacrum convivium<\/em><br \/>\n<em>Francis Poulenc (1899-1963):\u00a0Salve Regina<\/em><br \/>\n<em>Einojuhani Rautavaara (1928- ):\u00a0Credo\u00a0Avuksihuutopsalmi teoksesta \"Vigilia\"<\/em><br \/>\n<em>Hristo Dantchev (?-):\u00a0Sinulle veisaamme<\/em><br \/>\n<em>Frank Martin (1890-1974):\u00a0Agnus Dei teoksesta Messu kahdelle kuorolle<\/em><br \/>\n<em>Eric Whitacre (1970- ):\u00a0Lux Aurumque<\/em><br \/>\nTampereen Filharmoninen Kuoro, joht. Jani Siv\u00e9n ja Sari Oksavuori (Ubi caritas et amor, tu es Petrus)<\/p>\n<h4>2014<\/h4>\n<p><strong>31.10. Tampere,\u00a0<\/strong>Tampere-talo<br \/>\n<em>Giuseppe\u00a0Verdi: Requiem<\/em><br \/>\nSoile Isokoski, sopraano<br \/>\nMarina Prudenskaja, mezzosopraano<br \/>\nChristian Juslin, tenori<br \/>\nTuomas Pursio, bassobaritoni<br \/>\nTampere Filharmonia<br \/>\nTampereen Filharmoninen Kuoro<br \/>\nSanttu-Matias Rouvali, kapellimestari<br \/>\nJani Siv\u00e9n, kuoron valmennus<\/p>\n<p><strong>18.5. Tampere,<\/strong>\u00a0Tampereen tuomiokirkko<br \/>\n<em>Frank Martin: Kaksoiskuoromessu<\/em><br \/>\nMax Reger: Fuga op. 65\/12<br \/>\nCharles Villiers Stanford: The Lord is my shepherd<br \/>\nJani Siv\u00e9n, kuoronjohtaja<br \/>\nHenri Hersta, urut<br \/>\nTampereen Filharmoninen Kuoro<\/p>\n<p><strong>17.4. Tampere,\u00a0<\/strong>Tampere-talo<br \/>\n<em>Dvor\u00e1k: Stabat Mater<\/em><br \/>\nRumon Gamba, kapellimestari<br \/>\nSoile Isokoski, sopraano<br \/>\nTuija Knihtil\u00e4, mezzosopraano<br \/>\nMika Pohjonen, tenori (solisti vaihtunut)<br \/>\nMika Kares, basso<br \/>\nTampereen Filharmoninen Kuoro<\/p>\n<h4>2013<\/h4>\n<p><strong>13.9. Tampere,\u00a0<\/strong>Tampere-talo<br \/>\n<em>Olli Kortekangas: Seven Songs for Planet Earth<\/em><br \/>\n(Suomen ensiesitys,TFK:n yhteistilaus Washington Choral Arts Societyn kanssa)<br \/>\nJani Siv\u00e9n, kapellimestari<br \/>\nTuija Knihtil\u00e4, mezzosopraano<br \/>\nAarne Pelkonen, baritoni<br \/>\nTampereen Filharmoninen Kuoro<br \/>\nPirkanpojat<\/p>\n<p><strong>28.3. Tampere,<\/strong>\u00a0Tampere-talo<br \/>\n<em>Mozart: Litaniae de venerabili altaris sacramento<\/em><br \/>\n<em>Enescu: Sinfonia nro 3<\/em><br \/>\nTampere Filharmonia<br \/>\nHannu Lintu, kapellimestari<br \/>\nHanna-Leena Haapam\u00e4ki, sopraano<br \/>\nJeni Packal\u00e9n, altto<br \/>\nTuomas Katajala, tenori<br \/>\nMatti Turunen, basso<br \/>\nTampereen Filharmoninen Kuoro<\/p>\n<h4>2012<\/h4>\n<p><strong>19.12.<\/strong>\u00a0<strong>Tampere<\/strong>, Tampere-talo<br \/>\n<strong>20.12.<\/strong>\u00a0<strong>Tampere<\/strong>, Tampere-talo<br \/>\n<em>Filharmonian joulukonsertit<\/em><br \/>\n<em>Bach: Jouluoratorio (osia)<\/em><br \/>\n<em>Prokofiev: Winter Bonfire<\/em><br \/>\n<em>Gruber: Jouluy\u00f6, juhlay\u00f6 (sov. Hjelt)<\/em><br \/>\n<em>Heinill\u00e4 h\u00e4rkien kaukalon (sov. Hjelt)<\/em><br \/>\nErkki Lasonpalo, kapellimestari<br \/>\nMika Pohjonen, tenori<br \/>\nKonsertissa kuultiin my\u00f6s muita perinteisi\u00e4 joululauluja<\/p>\n<p><strong>12.10. Tampere,<\/strong>\u00a0Tampere-talo<br \/>\n<em>Rahmaninov: Kellot<\/em><br \/>\nDima Slobodeniouk, kapellimestari<br \/>\nAnna Danik, sopraano<br \/>\nDaniil Shtoda, tenori<br \/>\nSergei Aleksashkin, basso<br \/>\nKonsertissa kuultiin my\u00f6s:<br \/>\nMusorgski: Preludi oopperasta Hovantshina<br \/>\nStravinsky: Satakielen laulu<\/p>\n<p><strong>20.5. Tampere,<\/strong>\u00a0Tuomiokirkko<br \/>\n<em>Rahmaninov: Vigilia (op 37)<\/em><br \/>\nTimo Nuoranne, kapellimestari<br \/>\nAnnaliisa Pillak, altto<br \/>\nTuomas Katajala, tenori<br \/>\nKonsertin tuottaa Tampereen Filharmoninen Kuoro,<br \/>\nosana Tuomiokirkon kev\u00e4\u00e4n 2012 iltamusiikkisarjaa.<\/p>\n<p><strong>5.4. Tampere,<\/strong>\u00a0 Tampere-talo<br \/>\n<em>Bach: Johannespassio<\/em><br \/>\nHannu Lintu, kapellimestari<br \/>\nAnna Jobrant Daln\u00e4s, sopraano<br \/>\nTuva Semmingsen, altto<br \/>\nSune Hjerrild, tenori<br \/>\nPetri Lindroos, basso<br \/>\nYves Saelens, evankelista<br \/>\nGeert Smits, Jeesus<br \/>\nTampereen Filharmoninen Kuoro<br \/>\nTampere Filharmonia<\/p>\n<h4>2011<\/h4>\n<p><strong>25.11. Tampere,<\/strong>\u00a0Tampere-talo<br \/>\nBergman: Noa<br \/>\nESITYS KONSERTISSA PERUUTETTIIN<br \/>\nSOLISTIN SAIRASTUMISEN VUOKSI<\/p>\n<p><strong>5.11. Tampere,<\/strong>\u00a0Tuomiokirkko<br \/>\n<em>Arvo P\u00e4rt: Berliner Messe<\/em><br \/>\nJouni Rissanen, kapellimestari<br \/>\n(Pirkanpoikien Pyh\u00e4inp\u00e4iv\u00e4n konsertti,<br \/>\njohon TFK pyydettiin vierailijaksi)<\/p>\n<p><strong>8.9. Tampere<\/strong>, Tampere-talo<br \/>\n<em>Mahler: Sinfonia nro 3<\/em><br \/>\nHannu Lintu, kapellimestari<br \/>\nLilli Paasikivi, altto<br \/>\nTampereen Filharmonisen Kuoron naiset<br \/>\nPoikakuoro Pirkanpojat<\/p>\n<p><strong>26.5. Tampere<\/strong>, Tampere-talo<br \/>\nMahler: Sinfonia nro 2 \"Yl\u00f6snousemus\"<br \/>\nHannu Lintu, kapellimestari<br \/>\nAnu Komsi, sopraano<br \/>\nMonica Groop, mezzosopraano<br \/>\nTampereen Filharmoninen Kuoro<br \/>\nKonsertissa kuultiin my\u00f6s:<br \/>\nBerg: Der Wein<\/p>\n<p><strong>28.4.-1.5 Tampere<\/strong>, Tampere-talo (4 konserttia)<br \/>\n<em>Howard Shore: The Lord of the Rings: The Fellowship of the Ring<\/em><br \/>\n<em>- Sormuksen ritarit -elokuva el\u00e4v\u00e4n musiikin s\u00e4estyksell\u00e4<\/em><br \/>\nTampere Filharmonia<br \/>\nErik Eino Ochsner, kapellimestari<br \/>\nKaitlyn Lusk, sopraano<br \/>\nTampereen Filharmoninen Kuoro<br \/>\nPoikakuoro Pirkanpojat<br \/>\nEetu Halme, poikasopraano<br \/>\nKalle P\u00e4\u00e4kk\u00f6nen, poikasopraano<\/p>\n<p><strong>18.2. Tampere<\/strong>, Tuomiokirkko<br \/>\n<em>Mozart: Messu c-molli \"Suuri messu\"<\/em><br \/>\nRoy Goodman, kapellimestari<br \/>\nOlga Pasichnyk, sopraano<br \/>\nKaisa Ranta, sopraano<br \/>\nJussi Myllys, tenori<br \/>\nMika Kares, basso<br \/>\nTampereen Filharmoninen Kuoro<br \/>\nKonsertissa kuultiin my\u00f6s:<br \/>\nMozart: Sinfonia nro 41 \"Jupiter\"<\/p>\n","protected":false},"excerpt":{"rendered":"<p>2015 4.12. Tampere,\u00a0Tampere-talo Holst:\u00a0Planeetat Tampereen Filharmonisen Kuoron naiset, valm. Jani Siv\u00e9n Tampere Filharmonia, joht. Santtu-Matias Rouvali 30.10. Tampere,\u00a0Tampere-talo Brahms: Ein deutsches Requiem Camilla Nylund (sopr.), Arttu Kataja (barit.) Tampereen Filharmoninen Kuoro,\u00a0 valm. Jani Siv\u00e9n Tampere Filharmonia,\u00a0joht. Leif Segerstam 3.6. Tampere,\u00a0Tampere-talo,\u00a0\"Pohjolan kes\u00e4iset y\u00f6t\" Jean Sibelius: Maan virsi, op. 95, Impromptu op. 19 (naiskuoro), Vapautettu kuningatar, op.\u00a048 <a href=\"https:\/\/tfk.fi\/wp1\/konsertit-2011-2015\/\" class=\"more-link\">...jatka lukemista<span class=\"screen-reader-text\"> \"Konsertit 2011 &#8211; 2015\"<\/span><\/a><\/p>\n","protected":false},"author":1,"featured_media":0,"parent":0,"menu_order":0,"comment_status":"closed","ping_status":"closed","template":"","meta":{"footnotes":""},"class_list":["post-136","page","type-page","status-publish","h-entry","hentry","h-as-page"],"yoast_head":"<!-- This site is optimized with the Yoast SEO plugin v23.4 - https:\/\/yoast.com\/wordpress\/plugins\/seo\/ -->\n<title>Konsertit 2011 - 2015 - TAMPEREEN FILHARMONINEN KUORO<\/title>\n<meta name=\"robots\" content=\"index, follow, max-snippet:-1, max-image-preview:large, max-video-preview:-1\" \/>\n<link rel=\"canonical\" href=\"https:\/\/tfk.fi\/wp1\/konsertit-2011-2015\/\" \/>\n<meta property=\"og:locale\" content=\"fi_FI\" \/>\n<meta property=\"og:type\" content=\"article\" \/>\n<meta property=\"og:title\" content=\"Konsertit 2011 - 2015 - TAMPEREEN FILHARMONINEN KUORO\" \/>\n<meta property=\"og:description\" content=\"2015 4.12. Tampere,\u00a0Tampere-talo Holst:\u00a0Planeetat Tampereen Filharmonisen Kuoron naiset, valm. Jani Siv\u00e9n Tampere Filharmonia, joht. Santtu-Matias Rouvali 30.10. Tampere,\u00a0Tampere-talo Brahms: Ein deutsches Requiem Camilla Nylund (sopr.), Arttu Kataja (barit.) Tampereen Filharmoninen Kuoro,\u00a0 valm. Jani Siv\u00e9n Tampere Filharmonia,\u00a0joht. Leif Segerstam 3.6. Tampere,\u00a0Tampere-talo,\u00a0&quot;Pohjolan kes\u00e4iset y\u00f6t&quot; Jean Sibelius: Maan virsi, op. 95, Impromptu op. 19 (naiskuoro), Vapautettu kuningatar, op.\u00a048 ...jatka lukemista &quot;Konsertit 2011 &#8211; 2015&quot;\" \/>\n<meta property=\"og:url\" content=\"https:\/\/tfk.fi\/wp1\/konsertit-2011-2015\/\" \/>\n<meta property=\"og:site_name\" content=\"TAMPEREEN FILHARMONINEN KUORO\" \/>\n<meta property=\"article:publisher\" content=\"https:\/\/fi-fi.facebook.com\/TampereenFilharmoninenKuoro\/\" \/>\n<meta property=\"article:modified_time\" content=\"2022-09-07T11:28:24+00:00\" \/>\n<meta name=\"twitter:card\" content=\"summary_large_image\" \/>\n<meta name=\"twitter:site\" content=\"@tfk_tampere\" \/>\n<meta name=\"twitter:label1\" content=\"Arvioitu lukuaika\" \/>\n\t<meta name=\"twitter:data1\" content=\"4 minuuttia\" \/>\n<script type=\"application\/ld+json\" class=\"yoast-schema-graph\">{\"@context\":\"https:\/\/schema.org\",\"@graph\":[{\"@type\":\"WebPage\",\"@id\":\"https:\/\/tfk.fi\/wp1\/konsertit-2011-2015\/\",\"url\":\"https:\/\/tfk.fi\/wp1\/konsertit-2011-2015\/\",\"name\":\"Konsertit 2011 - 2015 - TAMPEREEN FILHARMONINEN KUORO\",\"isPartOf\":{\"@id\":\"https:\/\/tfk.fi\/wp1\/#website\"},\"datePublished\":\"2018-08-09T20:41:29+00:00\",\"dateModified\":\"2022-09-07T11:28:24+00:00\",\"breadcrumb\":{\"@id\":\"https:\/\/tfk.fi\/wp1\/konsertit-2011-2015\/#breadcrumb\"},\"inLanguage\":\"fi\",\"potentialAction\":[{\"@type\":\"ReadAction\",\"target\":[\"https:\/\/tfk.fi\/wp1\/konsertit-2011-2015\/\"]}]},{\"@type\":\"BreadcrumbList\",\"@id\":\"https:\/\/tfk.fi\/wp1\/konsertit-2011-2015\/#breadcrumb\",\"itemListElement\":[{\"@type\":\"ListItem\",\"position\":1,\"name\":\"Home\",\"item\":\"https:\/\/tfk.fi\/wp1\/\"},{\"@type\":\"ListItem\",\"position\":2,\"name\":\"Konsertit 2011 &#8211; 2015\"}]},{\"@type\":\"WebSite\",\"@id\":\"https:\/\/tfk.fi\/wp1\/#website\",\"url\":\"https:\/\/tfk.fi\/wp1\/\",\"name\":\"TAMPEREEN FILHARMONINEN KUORO\",\"description\":\"Tampere Philharmonic Choir\",\"publisher\":{\"@id\":\"https:\/\/tfk.fi\/wp1\/#organization\"},\"potentialAction\":[{\"@type\":\"SearchAction\",\"target\":{\"@type\":\"EntryPoint\",\"urlTemplate\":\"https:\/\/tfk.fi\/wp1\/?s={search_term_string}\"},\"query-input\":{\"@type\":\"PropertyValueSpecification\",\"valueRequired\":true,\"valueName\":\"search_term_string\"}}],\"inLanguage\":\"fi\"},{\"@type\":\"Organization\",\"@id\":\"https:\/\/tfk.fi\/wp1\/#organization\",\"name\":\"Tampereen Filharmoninen Kuoro\",\"url\":\"https:\/\/tfk.fi\/wp1\/\",\"logo\":{\"@type\":\"ImageObject\",\"inLanguage\":\"fi\",\"@id\":\"https:\/\/tfk.fi\/wp1\/#\/schema\/logo\/image\/\",\"url\":\"https:\/\/tfk.fi\/wp1\/wp-content\/uploads\/2018\/08\/TFK-logo_100x50.jpg\",\"contentUrl\":\"https:\/\/tfk.fi\/wp1\/wp-content\/uploads\/2018\/08\/TFK-logo_100x50.jpg\",\"width\":100,\"height\":53,\"caption\":\"Tampereen Filharmoninen Kuoro\"},\"image\":{\"@id\":\"https:\/\/tfk.fi\/wp1\/#\/schema\/logo\/image\/\"},\"sameAs\":[\"https:\/\/fi-fi.facebook.com\/TampereenFilharmoninenKuoro\/\",\"https:\/\/x.com\/tfk_tampere\",\"https:\/\/www.instagram.com\/tampereenfilharmoninenkuoro\/?hl=fi\",\"https:\/\/www.youtube.com\/channel\/UCHNsgug_VXv_-TiyOBP5_cg\/featured\",\"https:\/\/fi.wikipedia.org\/wiki\/Tampereen_Filharmoninen_Kuoro\"]}]}<\/script>\n<!-- \/ Yoast SEO plugin. -->","yoast_head_json":{"title":"Konsertit 2011 - 2015 - TAMPEREEN FILHARMONINEN KUORO","robots":{"index":"index","follow":"follow","max-snippet":"max-snippet:-1","max-image-preview":"max-image-preview:large","max-video-preview":"max-video-preview:-1"},"canonical":"https:\/\/tfk.fi\/wp1\/konsertit-2011-2015\/","og_locale":"fi_FI","og_type":"article","og_title":"Konsertit 2011 - 2015 - TAMPEREEN FILHARMONINEN KUORO","og_description":"2015 4.12. Tampere,\u00a0Tampere-talo Holst:\u00a0Planeetat Tampereen Filharmonisen Kuoron naiset, valm. Jani Siv\u00e9n Tampere Filharmonia, joht. Santtu-Matias Rouvali 30.10. Tampere,\u00a0Tampere-talo Brahms: Ein deutsches Requiem Camilla Nylund (sopr.), Arttu Kataja (barit.) Tampereen Filharmoninen Kuoro,\u00a0 valm. Jani Siv\u00e9n Tampere Filharmonia,\u00a0joht. Leif Segerstam 3.6. Tampere,\u00a0Tampere-talo,\u00a0\"Pohjolan kes\u00e4iset y\u00f6t\" Jean Sibelius: Maan virsi, op. 95, Impromptu op. 19 (naiskuoro), Vapautettu kuningatar, op.\u00a048 ...jatka lukemista \"Konsertit 2011 &#8211; 2015\"","og_url":"https:\/\/tfk.fi\/wp1\/konsertit-2011-2015\/","og_site_name":"TAMPEREEN FILHARMONINEN KUORO","article_publisher":"https:\/\/fi-fi.facebook.com\/TampereenFilharmoninenKuoro\/","article_modified_time":"2022-09-07T11:28:24+00:00","twitter_card":"summary_large_image","twitter_site":"@tfk_tampere","twitter_misc":{"Arvioitu lukuaika":"4 minuuttia"},"schema":{"@context":"https:\/\/schema.org","@graph":[{"@type":"WebPage","@id":"https:\/\/tfk.fi\/wp1\/konsertit-2011-2015\/","url":"https:\/\/tfk.fi\/wp1\/konsertit-2011-2015\/","name":"Konsertit 2011 - 2015 - TAMPEREEN FILHARMONINEN KUORO","isPartOf":{"@id":"https:\/\/tfk.fi\/wp1\/#website"},"datePublished":"2018-08-09T20:41:29+00:00","dateModified":"2022-09-07T11:28:24+00:00","breadcrumb":{"@id":"https:\/\/tfk.fi\/wp1\/konsertit-2011-2015\/#breadcrumb"},"inLanguage":"fi","potentialAction":[{"@type":"ReadAction","target":["https:\/\/tfk.fi\/wp1\/konsertit-2011-2015\/"]}]},{"@type":"BreadcrumbList","@id":"https:\/\/tfk.fi\/wp1\/konsertit-2011-2015\/#breadcrumb","itemListElement":[{"@type":"ListItem","position":1,"name":"Home","item":"https:\/\/tfk.fi\/wp1\/"},{"@type":"ListItem","position":2,"name":"Konsertit 2011 &#8211; 2015"}]},{"@type":"WebSite","@id":"https:\/\/tfk.fi\/wp1\/#website","url":"https:\/\/tfk.fi\/wp1\/","name":"TAMPEREEN FILHARMONINEN KUORO","description":"Tampere Philharmonic Choir","publisher":{"@id":"https:\/\/tfk.fi\/wp1\/#organization"},"potentialAction":[{"@type":"SearchAction","target":{"@type":"EntryPoint","urlTemplate":"https:\/\/tfk.fi\/wp1\/?s={search_term_string}"},"query-input":{"@type":"PropertyValueSpecification","valueRequired":true,"valueName":"search_term_string"}}],"inLanguage":"fi"},{"@type":"Organization","@id":"https:\/\/tfk.fi\/wp1\/#organization","name":"Tampereen Filharmoninen Kuoro","url":"https:\/\/tfk.fi\/wp1\/","logo":{"@type":"ImageObject","inLanguage":"fi","@id":"https:\/\/tfk.fi\/wp1\/#\/schema\/logo\/image\/","url":"https:\/\/tfk.fi\/wp1\/wp-content\/uploads\/2018\/08\/TFK-logo_100x50.jpg","contentUrl":"https:\/\/tfk.fi\/wp1\/wp-content\/uploads\/2018\/08\/TFK-logo_100x50.jpg","width":100,"height":53,"caption":"Tampereen Filharmoninen Kuoro"},"image":{"@id":"https:\/\/tfk.fi\/wp1\/#\/schema\/logo\/image\/"},"sameAs":["https:\/\/fi-fi.facebook.com\/TampereenFilharmoninenKuoro\/","https:\/\/x.com\/tfk_tampere","https:\/\/www.instagram.com\/tampereenfilharmoninenkuoro\/?hl=fi","https:\/\/www.youtube.com\/channel\/UCHNsgug_VXv_-TiyOBP5_cg\/featured","https:\/\/fi.wikipedia.org\/wiki\/Tampereen_Filharmoninen_Kuoro"]}]}},"_links":{"self":[{"href":"https:\/\/tfk.fi\/wp1\/wp-json\/wp\/v2\/pages\/136","targetHints":{"allow":["GET"]}}],"collection":[{"href":"https:\/\/tfk.fi\/wp1\/wp-json\/wp\/v2\/pages"}],"about":[{"href":"https:\/\/tfk.fi\/wp1\/wp-json\/wp\/v2\/types\/page"}],"author":[{"embeddable":true,"href":"https:\/\/tfk.fi\/wp1\/wp-json\/wp\/v2\/users\/1"}],"replies":[{"embeddable":true,"href":"https:\/\/tfk.fi\/wp1\/wp-json\/wp\/v2\/comments?post=136"}],"version-history":[{"count":9,"href":"https:\/\/tfk.fi\/wp1\/wp-json\/wp\/v2\/pages\/136\/revisions"}],"predecessor-version":[{"id":1268,"href":"https:\/\/tfk.fi\/wp1\/wp-json\/wp\/v2\/pages\/136\/revisions\/1268"}],"wp:attachment":[{"href":"https:\/\/tfk.fi\/wp1\/wp-json\/wp\/v2\/media?parent=136"}],"curies":[{"name":"wp","href":"https:\/\/api.w.org\/{rel}","templated":true}]}}