{"id":347,"date":"2018-11-30T17:04:09","date_gmt":"2018-11-30T15:04:09","guid":{"rendered":"http:\/\/tfk.fi\/wp1\/?page_id=347"},"modified":"2018-11-30T17:04:09","modified_gmt":"2018-11-30T15:04:09","slug":"media","status":"publish","type":"page","link":"https:\/\/tfk.fi\/wp1\/yhteystiedot\/media\/","title":{"rendered":"Media"},"content":{"rendered":"<figure id=\"attachment_348\" aria-describedby=\"caption-attachment-348\" style=\"width: 625px\" class=\"wp-caption alignnone\"><img loading=\"lazy\" decoding=\"async\" class=\"wp-image-348 size-large\" src=\"https:\/\/tfk.fi\/wp1\/wp-content\/uploads\/2018\/11\/TFK_kuoro_2018-1024x678.jpg\" alt=\"\" width=\"625\" height=\"414\" srcset=\"https:\/\/tfk.fi\/wp1\/wp-content\/uploads\/2018\/11\/TFK_kuoro_2018-1024x678.jpg 1024w, https:\/\/tfk.fi\/wp1\/wp-content\/uploads\/2018\/11\/TFK_kuoro_2018-300x199.jpg 300w, https:\/\/tfk.fi\/wp1\/wp-content\/uploads\/2018\/11\/TFK_kuoro_2018-768x508.jpg 768w, https:\/\/tfk.fi\/wp1\/wp-content\/uploads\/2018\/11\/TFK_kuoro_2018-960x635.jpg 960w\" sizes=\"auto, (max-width: 625px) 100vw, 625px\" \/><figcaption id=\"caption-attachment-348\" class=\"wp-caption-text\">Tampereen Filharmoninen Kuoro kev\u00e4\u00e4ll\u00e4 2018. Kuva: Tiina Ahovainio<\/figcaption><\/figure>\n<figure id=\"attachment_352\" aria-describedby=\"caption-attachment-352\" style=\"width: 625px\" class=\"wp-caption alignnone\"><img loading=\"lazy\" decoding=\"async\" class=\"size-large wp-image-352\" src=\"https:\/\/tfk.fi\/wp1\/wp-content\/uploads\/2018\/11\/TFK_naiset_2018-1024x683.jpg\" alt=\"\" width=\"625\" height=\"417\" srcset=\"https:\/\/tfk.fi\/wp1\/wp-content\/uploads\/2018\/11\/TFK_naiset_2018-1024x683.jpg 1024w, https:\/\/tfk.fi\/wp1\/wp-content\/uploads\/2018\/11\/TFK_naiset_2018-300x200.jpg 300w, https:\/\/tfk.fi\/wp1\/wp-content\/uploads\/2018\/11\/TFK_naiset_2018-768x512.jpg 768w, https:\/\/tfk.fi\/wp1\/wp-content\/uploads\/2018\/11\/TFK_naiset_2018-960x640.jpg 960w\" sizes=\"auto, (max-width: 625px) 100vw, 625px\" \/><figcaption id=\"caption-attachment-352\" class=\"wp-caption-text\">Tampereen Filharmonisen Kuoron naiskuoro 2018. Kuva: Tiina Ahovainio<\/figcaption><\/figure>\n<figure id=\"attachment_351\" aria-describedby=\"caption-attachment-351\" style=\"width: 625px\" class=\"wp-caption alignnone\"><img loading=\"lazy\" decoding=\"async\" class=\"wp-image-351 size-large\" src=\"https:\/\/tfk.fi\/wp1\/wp-content\/uploads\/2018\/11\/TFK_miehet_2018-683x1024.jpg\" alt=\"\" width=\"625\" height=\"937\" srcset=\"https:\/\/tfk.fi\/wp1\/wp-content\/uploads\/2018\/11\/TFK_miehet_2018-683x1024.jpg 683w, https:\/\/tfk.fi\/wp1\/wp-content\/uploads\/2018\/11\/TFK_miehet_2018-200x300.jpg 200w, https:\/\/tfk.fi\/wp1\/wp-content\/uploads\/2018\/11\/TFK_miehet_2018-768x1152.jpg 768w, https:\/\/tfk.fi\/wp1\/wp-content\/uploads\/2018\/11\/TFK_miehet_2018-960x1440.jpg 960w\" sizes=\"auto, (max-width: 625px) 100vw, 625px\" \/><figcaption id=\"caption-attachment-351\" class=\"wp-caption-text\">Tampereen Filharmonisen Kuoron mieskuoro kev\u00e4\u00e4ll\u00e4 2018. Kuva: Tiina Ahovainio<\/figcaption><\/figure>\n<figure id=\"attachment_350\" aria-describedby=\"caption-attachment-350\" style=\"width: 625px\" class=\"wp-caption alignnone\"><img loading=\"lazy\" decoding=\"async\" class=\"size-large wp-image-350\" src=\"https:\/\/tfk.fi\/wp1\/wp-content\/uploads\/2018\/11\/TFK_kuoro_lavalla2_2018-1024x683.jpg\" alt=\"\" width=\"625\" height=\"417\" srcset=\"https:\/\/tfk.fi\/wp1\/wp-content\/uploads\/2018\/11\/TFK_kuoro_lavalla2_2018-1024x683.jpg 1024w, https:\/\/tfk.fi\/wp1\/wp-content\/uploads\/2018\/11\/TFK_kuoro_lavalla2_2018-300x200.jpg 300w, https:\/\/tfk.fi\/wp1\/wp-content\/uploads\/2018\/11\/TFK_kuoro_lavalla2_2018-768x512.jpg 768w, https:\/\/tfk.fi\/wp1\/wp-content\/uploads\/2018\/11\/TFK_kuoro_lavalla2_2018-960x640.jpg 960w\" sizes=\"auto, (max-width: 625px) 100vw, 625px\" \/><figcaption id=\"caption-attachment-350\" class=\"wp-caption-text\">Tampereen Filharmoninen Kuoro lavalla. Kuva: Tiina Ahovainio.<\/figcaption><\/figure>\n<figure id=\"attachment_349\" aria-describedby=\"caption-attachment-349\" style=\"width: 625px\" class=\"wp-caption alignnone\"><img loading=\"lazy\" decoding=\"async\" class=\"size-large wp-image-349\" src=\"https:\/\/tfk.fi\/wp1\/wp-content\/uploads\/2018\/11\/TFK_kuoro_lavalla1_2018-1024x683.jpg\" alt=\"\" width=\"625\" height=\"417\" srcset=\"https:\/\/tfk.fi\/wp1\/wp-content\/uploads\/2018\/11\/TFK_kuoro_lavalla1_2018-1024x683.jpg 1024w, https:\/\/tfk.fi\/wp1\/wp-content\/uploads\/2018\/11\/TFK_kuoro_lavalla1_2018-300x200.jpg 300w, https:\/\/tfk.fi\/wp1\/wp-content\/uploads\/2018\/11\/TFK_kuoro_lavalla1_2018-768x512.jpg 768w, https:\/\/tfk.fi\/wp1\/wp-content\/uploads\/2018\/11\/TFK_kuoro_lavalla1_2018-960x640.jpg 960w\" sizes=\"auto, (max-width: 625px) 100vw, 625px\" \/><figcaption id=\"caption-attachment-349\" class=\"wp-caption-text\">Tampereen Filharmoninen Kuoro lavalla. Kuva: Tiina Ahovainio.<\/figcaption><\/figure>\n","protected":false},"excerpt":{"rendered":"","protected":false},"author":6,"featured_media":0,"parent":81,"menu_order":0,"comment_status":"closed","ping_status":"closed","template":"","meta":{"footnotes":""},"class_list":["post-347","page","type-page","status-publish","h-entry","hentry","h-as-page"],"yoast_head":"<!-- This site is optimized with the Yoast SEO plugin v23.4 - https:\/\/yoast.com\/wordpress\/plugins\/seo\/ -->\n<title>Media - TAMPEREEN FILHARMONINEN KUORO<\/title>\n<meta name=\"robots\" content=\"index, follow, max-snippet:-1, max-image-preview:large, max-video-preview:-1\" \/>\n<link rel=\"canonical\" href=\"https:\/\/tfk.fi\/wp1\/yhteystiedot\/media\/\" \/>\n<meta property=\"og:locale\" content=\"fi_FI\" \/>\n<meta property=\"og:type\" content=\"article\" \/>\n<meta property=\"og:title\" content=\"Media - TAMPEREEN FILHARMONINEN KUORO\" \/>\n<meta property=\"og:url\" content=\"https:\/\/tfk.fi\/wp1\/yhteystiedot\/media\/\" \/>\n<meta property=\"og:site_name\" content=\"TAMPEREEN FILHARMONINEN KUORO\" \/>\n<meta property=\"article:publisher\" content=\"https:\/\/fi-fi.facebook.com\/TampereenFilharmoninenKuoro\/\" \/>\n<meta property=\"og:image\" content=\"http:\/\/tfk.fi\/wp1\/wp-content\/uploads\/2018\/11\/TFK_kuoro_2018-1024x678.jpg\" \/>\n<meta name=\"twitter:card\" content=\"summary_large_image\" \/>\n<meta name=\"twitter:site\" content=\"@tfk_tampere\" \/>\n<script type=\"application\/ld+json\" class=\"yoast-schema-graph\">{\"@context\":\"https:\/\/schema.org\",\"@graph\":[{\"@type\":\"WebPage\",\"@id\":\"https:\/\/tfk.fi\/wp1\/yhteystiedot\/media\/\",\"url\":\"https:\/\/tfk.fi\/wp1\/yhteystiedot\/media\/\",\"name\":\"Media - TAMPEREEN FILHARMONINEN KUORO\",\"isPartOf\":{\"@id\":\"https:\/\/tfk.fi\/wp1\/#website\"},\"primaryImageOfPage\":{\"@id\":\"https:\/\/tfk.fi\/wp1\/yhteystiedot\/media\/#primaryimage\"},\"image\":{\"@id\":\"https:\/\/tfk.fi\/wp1\/yhteystiedot\/media\/#primaryimage\"},\"thumbnailUrl\":\"http:\/\/tfk.fi\/wp1\/wp-content\/uploads\/2018\/11\/TFK_kuoro_2018-1024x678.jpg\",\"datePublished\":\"2018-11-30T15:04:09+00:00\",\"dateModified\":\"2018-11-30T15:04:09+00:00\",\"breadcrumb\":{\"@id\":\"https:\/\/tfk.fi\/wp1\/yhteystiedot\/media\/#breadcrumb\"},\"inLanguage\":\"fi\",\"potentialAction\":[{\"@type\":\"ReadAction\",\"target\":[\"https:\/\/tfk.fi\/wp1\/yhteystiedot\/media\/\"]}]},{\"@type\":\"ImageObject\",\"inLanguage\":\"fi\",\"@id\":\"https:\/\/tfk.fi\/wp1\/yhteystiedot\/media\/#primaryimage\",\"url\":\"http:\/\/tfk.fi\/wp1\/wp-content\/uploads\/2018\/11\/TFK_kuoro_2018-1024x678.jpg\",\"contentUrl\":\"http:\/\/tfk.fi\/wp1\/wp-content\/uploads\/2018\/11\/TFK_kuoro_2018-1024x678.jpg\"},{\"@type\":\"BreadcrumbList\",\"@id\":\"https:\/\/tfk.fi\/wp1\/yhteystiedot\/media\/#breadcrumb\",\"itemListElement\":[{\"@type\":\"ListItem\",\"position\":1,\"name\":\"Home\",\"item\":\"https:\/\/tfk.fi\/wp1\/\"},{\"@type\":\"ListItem\",\"position\":2,\"name\":\"Yhteystiedot\",\"item\":\"https:\/\/tfk.fi\/wp1\/yhteystiedot\/\"},{\"@type\":\"ListItem\",\"position\":3,\"name\":\"Media\"}]},{\"@type\":\"WebSite\",\"@id\":\"https:\/\/tfk.fi\/wp1\/#website\",\"url\":\"https:\/\/tfk.fi\/wp1\/\",\"name\":\"TAMPEREEN FILHARMONINEN KUORO\",\"description\":\"Tampere Philharmonic Choir\",\"publisher\":{\"@id\":\"https:\/\/tfk.fi\/wp1\/#organization\"},\"potentialAction\":[{\"@type\":\"SearchAction\",\"target\":{\"@type\":\"EntryPoint\",\"urlTemplate\":\"https:\/\/tfk.fi\/wp1\/?s={search_term_string}\"},\"query-input\":{\"@type\":\"PropertyValueSpecification\",\"valueRequired\":true,\"valueName\":\"search_term_string\"}}],\"inLanguage\":\"fi\"},{\"@type\":\"Organization\",\"@id\":\"https:\/\/tfk.fi\/wp1\/#organization\",\"name\":\"Tampereen Filharmoninen Kuoro\",\"url\":\"https:\/\/tfk.fi\/wp1\/\",\"logo\":{\"@type\":\"ImageObject\",\"inLanguage\":\"fi\",\"@id\":\"https:\/\/tfk.fi\/wp1\/#\/schema\/logo\/image\/\",\"url\":\"https:\/\/tfk.fi\/wp1\/wp-content\/uploads\/2018\/08\/TFK-logo_100x50.jpg\",\"contentUrl\":\"https:\/\/tfk.fi\/wp1\/wp-content\/uploads\/2018\/08\/TFK-logo_100x50.jpg\",\"width\":100,\"height\":53,\"caption\":\"Tampereen Filharmoninen Kuoro\"},\"image\":{\"@id\":\"https:\/\/tfk.fi\/wp1\/#\/schema\/logo\/image\/\"},\"sameAs\":[\"https:\/\/fi-fi.facebook.com\/TampereenFilharmoninenKuoro\/\",\"https:\/\/x.com\/tfk_tampere\",\"https:\/\/www.instagram.com\/tampereenfilharmoninenkuoro\/?hl=fi\",\"https:\/\/www.youtube.com\/channel\/UCHNsgug_VXv_-TiyOBP5_cg\/featured\",\"https:\/\/fi.wikipedia.org\/wiki\/Tampereen_Filharmoninen_Kuoro\"]}]}<\/script>\n<!-- \/ Yoast SEO plugin. -->","yoast_head_json":{"title":"Media - TAMPEREEN FILHARMONINEN KUORO","robots":{"index":"index","follow":"follow","max-snippet":"max-snippet:-1","max-image-preview":"max-image-preview:large","max-video-preview":"max-video-preview:-1"},"canonical":"https:\/\/tfk.fi\/wp1\/yhteystiedot\/media\/","og_locale":"fi_FI","og_type":"article","og_title":"Media - TAMPEREEN FILHARMONINEN KUORO","og_url":"https:\/\/tfk.fi\/wp1\/yhteystiedot\/media\/","og_site_name":"TAMPEREEN FILHARMONINEN KUORO","article_publisher":"https:\/\/fi-fi.facebook.com\/TampereenFilharmoninenKuoro\/","og_image":[{"url":"http:\/\/tfk.fi\/wp1\/wp-content\/uploads\/2018\/11\/TFK_kuoro_2018-1024x678.jpg"}],"twitter_card":"summary_large_image","twitter_site":"@tfk_tampere","schema":{"@context":"https:\/\/schema.org","@graph":[{"@type":"WebPage","@id":"https:\/\/tfk.fi\/wp1\/yhteystiedot\/media\/","url":"https:\/\/tfk.fi\/wp1\/yhteystiedot\/media\/","name":"Media - TAMPEREEN FILHARMONINEN KUORO","isPartOf":{"@id":"https:\/\/tfk.fi\/wp1\/#website"},"primaryImageOfPage":{"@id":"https:\/\/tfk.fi\/wp1\/yhteystiedot\/media\/#primaryimage"},"image":{"@id":"https:\/\/tfk.fi\/wp1\/yhteystiedot\/media\/#primaryimage"},"thumbnailUrl":"http:\/\/tfk.fi\/wp1\/wp-content\/uploads\/2018\/11\/TFK_kuoro_2018-1024x678.jpg","datePublished":"2018-11-30T15:04:09+00:00","dateModified":"2018-11-30T15:04:09+00:00","breadcrumb":{"@id":"https:\/\/tfk.fi\/wp1\/yhteystiedot\/media\/#breadcrumb"},"inLanguage":"fi","potentialAction":[{"@type":"ReadAction","target":["https:\/\/tfk.fi\/wp1\/yhteystiedot\/media\/"]}]},{"@type":"ImageObject","inLanguage":"fi","@id":"https:\/\/tfk.fi\/wp1\/yhteystiedot\/media\/#primaryimage","url":"http:\/\/tfk.fi\/wp1\/wp-content\/uploads\/2018\/11\/TFK_kuoro_2018-1024x678.jpg","contentUrl":"http:\/\/tfk.fi\/wp1\/wp-content\/uploads\/2018\/11\/TFK_kuoro_2018-1024x678.jpg"},{"@type":"BreadcrumbList","@id":"https:\/\/tfk.fi\/wp1\/yhteystiedot\/media\/#breadcrumb","itemListElement":[{"@type":"ListItem","position":1,"name":"Home","item":"https:\/\/tfk.fi\/wp1\/"},{"@type":"ListItem","position":2,"name":"Yhteystiedot","item":"https:\/\/tfk.fi\/wp1\/yhteystiedot\/"},{"@type":"ListItem","position":3,"name":"Media"}]},{"@type":"WebSite","@id":"https:\/\/tfk.fi\/wp1\/#website","url":"https:\/\/tfk.fi\/wp1\/","name":"TAMPEREEN FILHARMONINEN KUORO","description":"Tampere Philharmonic Choir","publisher":{"@id":"https:\/\/tfk.fi\/wp1\/#organization"},"potentialAction":[{"@type":"SearchAction","target":{"@type":"EntryPoint","urlTemplate":"https:\/\/tfk.fi\/wp1\/?s={search_term_string}"},"query-input":{"@type":"PropertyValueSpecification","valueRequired":true,"valueName":"search_term_string"}}],"inLanguage":"fi"},{"@type":"Organization","@id":"https:\/\/tfk.fi\/wp1\/#organization","name":"Tampereen Filharmoninen Kuoro","url":"https:\/\/tfk.fi\/wp1\/","logo":{"@type":"ImageObject","inLanguage":"fi","@id":"https:\/\/tfk.fi\/wp1\/#\/schema\/logo\/image\/","url":"https:\/\/tfk.fi\/wp1\/wp-content\/uploads\/2018\/08\/TFK-logo_100x50.jpg","contentUrl":"https:\/\/tfk.fi\/wp1\/wp-content\/uploads\/2018\/08\/TFK-logo_100x50.jpg","width":100,"height":53,"caption":"Tampereen Filharmoninen Kuoro"},"image":{"@id":"https:\/\/tfk.fi\/wp1\/#\/schema\/logo\/image\/"},"sameAs":["https:\/\/fi-fi.facebook.com\/TampereenFilharmoninenKuoro\/","https:\/\/x.com\/tfk_tampere","https:\/\/www.instagram.com\/tampereenfilharmoninenkuoro\/?hl=fi","https:\/\/www.youtube.com\/channel\/UCHNsgug_VXv_-TiyOBP5_cg\/featured","https:\/\/fi.wikipedia.org\/wiki\/Tampereen_Filharmoninen_Kuoro"]}]}},"_links":{"self":[{"href":"https:\/\/tfk.fi\/wp1\/wp-json\/wp\/v2\/pages\/347","targetHints":{"allow":["GET"]}}],"collection":[{"href":"https:\/\/tfk.fi\/wp1\/wp-json\/wp\/v2\/pages"}],"about":[{"href":"https:\/\/tfk.fi\/wp1\/wp-json\/wp\/v2\/types\/page"}],"author":[{"embeddable":true,"href":"https:\/\/tfk.fi\/wp1\/wp-json\/wp\/v2\/users\/6"}],"replies":[{"embeddable":true,"href":"https:\/\/tfk.fi\/wp1\/wp-json\/wp\/v2\/comments?post=347"}],"version-history":[{"count":1,"href":"https:\/\/tfk.fi\/wp1\/wp-json\/wp\/v2\/pages\/347\/revisions"}],"predecessor-version":[{"id":353,"href":"https:\/\/tfk.fi\/wp1\/wp-json\/wp\/v2\/pages\/347\/revisions\/353"}],"up":[{"embeddable":true,"href":"https:\/\/tfk.fi\/wp1\/wp-json\/wp\/v2\/pages\/81"}],"wp:attachment":[{"href":"https:\/\/tfk.fi\/wp1\/wp-json\/wp\/v2\/media?parent=347"}],"curies":[{"name":"wp","href":"https:\/\/api.w.org\/{rel}","templated":true}]}}