{"id":685,"date":"2020-09-02T23:43:26","date_gmt":"2020-09-02T20:43:26","guid":{"rendered":"http:\/\/tfk.fi\/wp1\/?page_id=685"},"modified":"2020-09-03T00:02:14","modified_gmt":"2020-09-02T21:02:14","slug":"laulamisen-turvallisuus","status":"publish","type":"page","link":"https:\/\/tfk.fi\/wp1\/laulamisen-turvallisuus\/","title":{"rendered":"Laulamisen turvallisuus"},"content":{"rendered":"\n<p>Tampereen Filharmoninen Kuoro on j\u00e4rjest\u00e4nyt harjoittelun niin turvalliseksi, kuin se suinkin on mahdollista. T\u00e4rkeimp\u00e4n\u00e4 on tiedottaminen, jotta kuorolaisista jokainen osaa ja muistaa noudattaa hyv\u00e4\u00e4 hygieniaa ja muistaa pit\u00e4\u00e4 huolta my\u00f6s kanssalaulajien turvallisuudesta.<\/p>\n\n\n\n<p>Kuoro on harjoituksia varten jaettu pienemmiksi ryhmiksi, jotka voidaan sijoittaa harjoitustilaan turvav\u00e4lein. Ryhm\u00e4t on sijoitettu rakennukseen niin, etteiv\u00e4t ne kohtaa toisiaan harjoitusillan aikana.<\/p>\n\n\n\n<p>Laulaessa k\u00e4ytet\u00e4\u00e4n CE-hyv\u00e4ksyttyj\u00e4 kirurgisia maskeja ja noudatetaan muita viranomaisten antamia suosituksia virukselta suojautumiseen. Kuoro suosittaa vahvasti Koronavilkku-sovelluksen k\u00e4ytt\u00f6\u00e4.<\/p>\n\n\n\n<p>Harjoitukseen ei ole lupa tulla hengitystieoireisena tai jos muutoin ep\u00e4ilee tartunnan mahdollisuutta. Kuoro j\u00e4rjest\u00e4\u00e4 tarvittaessa mahdollisuuden harjoituksen seuraamisen et\u00e4yhteyden kautta.<\/p>\n","protected":false},"excerpt":{"rendered":"<p>Tampereen Filharmoninen Kuoro on j\u00e4rjest\u00e4nyt harjoittelun niin turvalliseksi, kuin se suinkin on mahdollista. T\u00e4rkeimp\u00e4n\u00e4 on tiedottaminen, jotta kuorolaisista jokainen osaa ja muistaa noudattaa hyv\u00e4\u00e4 hygieniaa ja muistaa pit\u00e4\u00e4 huolta my\u00f6s kanssalaulajien turvallisuudesta. Kuoro on harjoituksia varten jaettu pienemmiksi ryhmiksi, jotka voidaan sijoittaa harjoitustilaan turvav\u00e4lein. Ryhm\u00e4t on sijoitettu rakennukseen niin, etteiv\u00e4t ne kohtaa toisiaan harjoitusillan aikana. <a href=\"https:\/\/tfk.fi\/wp1\/laulamisen-turvallisuus\/\" class=\"more-link\">...jatka lukemista<span class=\"screen-reader-text\"> \"Laulamisen turvallisuus\"<\/span><\/a><\/p>\n","protected":false},"author":6,"featured_media":0,"parent":0,"menu_order":0,"comment_status":"closed","ping_status":"closed","template":"","meta":{"footnotes":""},"class_list":["post-685","page","type-page","status-publish","h-entry","hentry","h-as-page"],"yoast_head":"<!-- This site is optimized with the Yoast SEO plugin v23.4 - https:\/\/yoast.com\/wordpress\/plugins\/seo\/ -->\n<title>Laulamisen turvallisuus - TAMPEREEN FILHARMONINEN KUORO<\/title>\n<meta name=\"robots\" content=\"index, follow, max-snippet:-1, max-image-preview:large, max-video-preview:-1\" \/>\n<link rel=\"canonical\" href=\"https:\/\/tfk.fi\/wp1\/laulamisen-turvallisuus\/\" \/>\n<meta property=\"og:locale\" content=\"fi_FI\" \/>\n<meta property=\"og:type\" content=\"article\" \/>\n<meta property=\"og:title\" content=\"Laulamisen turvallisuus - TAMPEREEN FILHARMONINEN KUORO\" \/>\n<meta property=\"og:description\" content=\"Tampereen Filharmoninen Kuoro on j\u00e4rjest\u00e4nyt harjoittelun niin turvalliseksi, kuin se suinkin on mahdollista. T\u00e4rkeimp\u00e4n\u00e4 on tiedottaminen, jotta kuorolaisista jokainen osaa ja muistaa noudattaa hyv\u00e4\u00e4 hygieniaa ja muistaa pit\u00e4\u00e4 huolta my\u00f6s kanssalaulajien turvallisuudesta. Kuoro on harjoituksia varten jaettu pienemmiksi ryhmiksi, jotka voidaan sijoittaa harjoitustilaan turvav\u00e4lein. Ryhm\u00e4t on sijoitettu rakennukseen niin, etteiv\u00e4t ne kohtaa toisiaan harjoitusillan aikana. ...jatka lukemista &quot;Laulamisen turvallisuus&quot;\" \/>\n<meta property=\"og:url\" content=\"https:\/\/tfk.fi\/wp1\/laulamisen-turvallisuus\/\" \/>\n<meta property=\"og:site_name\" content=\"TAMPEREEN FILHARMONINEN KUORO\" \/>\n<meta property=\"article:publisher\" content=\"https:\/\/fi-fi.facebook.com\/TampereenFilharmoninenKuoro\/\" \/>\n<meta property=\"article:modified_time\" content=\"2020-09-02T21:02:14+00:00\" \/>\n<meta name=\"twitter:card\" content=\"summary_large_image\" \/>\n<meta name=\"twitter:site\" content=\"@tfk_tampere\" \/>\n<meta name=\"twitter:label1\" content=\"Arvioitu lukuaika\" \/>\n\t<meta name=\"twitter:data1\" content=\"1 minuutti\" \/>\n<script type=\"application\/ld+json\" class=\"yoast-schema-graph\">{\"@context\":\"https:\/\/schema.org\",\"@graph\":[{\"@type\":\"WebPage\",\"@id\":\"https:\/\/tfk.fi\/wp1\/laulamisen-turvallisuus\/\",\"url\":\"https:\/\/tfk.fi\/wp1\/laulamisen-turvallisuus\/\",\"name\":\"Laulamisen turvallisuus - TAMPEREEN FILHARMONINEN KUORO\",\"isPartOf\":{\"@id\":\"https:\/\/tfk.fi\/wp1\/#website\"},\"datePublished\":\"2020-09-02T20:43:26+00:00\",\"dateModified\":\"2020-09-02T21:02:14+00:00\",\"breadcrumb\":{\"@id\":\"https:\/\/tfk.fi\/wp1\/laulamisen-turvallisuus\/#breadcrumb\"},\"inLanguage\":\"fi\",\"potentialAction\":[{\"@type\":\"ReadAction\",\"target\":[\"https:\/\/tfk.fi\/wp1\/laulamisen-turvallisuus\/\"]}]},{\"@type\":\"BreadcrumbList\",\"@id\":\"https:\/\/tfk.fi\/wp1\/laulamisen-turvallisuus\/#breadcrumb\",\"itemListElement\":[{\"@type\":\"ListItem\",\"position\":1,\"name\":\"Home\",\"item\":\"https:\/\/tfk.fi\/wp1\/\"},{\"@type\":\"ListItem\",\"position\":2,\"name\":\"Laulamisen turvallisuus\"}]},{\"@type\":\"WebSite\",\"@id\":\"https:\/\/tfk.fi\/wp1\/#website\",\"url\":\"https:\/\/tfk.fi\/wp1\/\",\"name\":\"TAMPEREEN FILHARMONINEN KUORO\",\"description\":\"Tampere Philharmonic Choir\",\"publisher\":{\"@id\":\"https:\/\/tfk.fi\/wp1\/#organization\"},\"potentialAction\":[{\"@type\":\"SearchAction\",\"target\":{\"@type\":\"EntryPoint\",\"urlTemplate\":\"https:\/\/tfk.fi\/wp1\/?s={search_term_string}\"},\"query-input\":{\"@type\":\"PropertyValueSpecification\",\"valueRequired\":true,\"valueName\":\"search_term_string\"}}],\"inLanguage\":\"fi\"},{\"@type\":\"Organization\",\"@id\":\"https:\/\/tfk.fi\/wp1\/#organization\",\"name\":\"Tampereen Filharmoninen Kuoro\",\"url\":\"https:\/\/tfk.fi\/wp1\/\",\"logo\":{\"@type\":\"ImageObject\",\"inLanguage\":\"fi\",\"@id\":\"https:\/\/tfk.fi\/wp1\/#\/schema\/logo\/image\/\",\"url\":\"https:\/\/tfk.fi\/wp1\/wp-content\/uploads\/2018\/08\/TFK-logo_100x50.jpg\",\"contentUrl\":\"https:\/\/tfk.fi\/wp1\/wp-content\/uploads\/2018\/08\/TFK-logo_100x50.jpg\",\"width\":100,\"height\":53,\"caption\":\"Tampereen Filharmoninen Kuoro\"},\"image\":{\"@id\":\"https:\/\/tfk.fi\/wp1\/#\/schema\/logo\/image\/\"},\"sameAs\":[\"https:\/\/fi-fi.facebook.com\/TampereenFilharmoninenKuoro\/\",\"https:\/\/x.com\/tfk_tampere\",\"https:\/\/www.instagram.com\/tampereenfilharmoninenkuoro\/?hl=fi\",\"https:\/\/www.youtube.com\/channel\/UCHNsgug_VXv_-TiyOBP5_cg\/featured\",\"https:\/\/fi.wikipedia.org\/wiki\/Tampereen_Filharmoninen_Kuoro\"]}]}<\/script>\n<!-- \/ Yoast SEO plugin. -->","yoast_head_json":{"title":"Laulamisen turvallisuus - TAMPEREEN FILHARMONINEN KUORO","robots":{"index":"index","follow":"follow","max-snippet":"max-snippet:-1","max-image-preview":"max-image-preview:large","max-video-preview":"max-video-preview:-1"},"canonical":"https:\/\/tfk.fi\/wp1\/laulamisen-turvallisuus\/","og_locale":"fi_FI","og_type":"article","og_title":"Laulamisen turvallisuus - TAMPEREEN FILHARMONINEN KUORO","og_description":"Tampereen Filharmoninen Kuoro on j\u00e4rjest\u00e4nyt harjoittelun niin turvalliseksi, kuin se suinkin on mahdollista. T\u00e4rkeimp\u00e4n\u00e4 on tiedottaminen, jotta kuorolaisista jokainen osaa ja muistaa noudattaa hyv\u00e4\u00e4 hygieniaa ja muistaa pit\u00e4\u00e4 huolta my\u00f6s kanssalaulajien turvallisuudesta. Kuoro on harjoituksia varten jaettu pienemmiksi ryhmiksi, jotka voidaan sijoittaa harjoitustilaan turvav\u00e4lein. Ryhm\u00e4t on sijoitettu rakennukseen niin, etteiv\u00e4t ne kohtaa toisiaan harjoitusillan aikana. ...jatka lukemista \"Laulamisen turvallisuus\"","og_url":"https:\/\/tfk.fi\/wp1\/laulamisen-turvallisuus\/","og_site_name":"TAMPEREEN FILHARMONINEN KUORO","article_publisher":"https:\/\/fi-fi.facebook.com\/TampereenFilharmoninenKuoro\/","article_modified_time":"2020-09-02T21:02:14+00:00","twitter_card":"summary_large_image","twitter_site":"@tfk_tampere","twitter_misc":{"Arvioitu lukuaika":"1 minuutti"},"schema":{"@context":"https:\/\/schema.org","@graph":[{"@type":"WebPage","@id":"https:\/\/tfk.fi\/wp1\/laulamisen-turvallisuus\/","url":"https:\/\/tfk.fi\/wp1\/laulamisen-turvallisuus\/","name":"Laulamisen turvallisuus - TAMPEREEN FILHARMONINEN KUORO","isPartOf":{"@id":"https:\/\/tfk.fi\/wp1\/#website"},"datePublished":"2020-09-02T20:43:26+00:00","dateModified":"2020-09-02T21:02:14+00:00","breadcrumb":{"@id":"https:\/\/tfk.fi\/wp1\/laulamisen-turvallisuus\/#breadcrumb"},"inLanguage":"fi","potentialAction":[{"@type":"ReadAction","target":["https:\/\/tfk.fi\/wp1\/laulamisen-turvallisuus\/"]}]},{"@type":"BreadcrumbList","@id":"https:\/\/tfk.fi\/wp1\/laulamisen-turvallisuus\/#breadcrumb","itemListElement":[{"@type":"ListItem","position":1,"name":"Home","item":"https:\/\/tfk.fi\/wp1\/"},{"@type":"ListItem","position":2,"name":"Laulamisen turvallisuus"}]},{"@type":"WebSite","@id":"https:\/\/tfk.fi\/wp1\/#website","url":"https:\/\/tfk.fi\/wp1\/","name":"TAMPEREEN FILHARMONINEN KUORO","description":"Tampere Philharmonic Choir","publisher":{"@id":"https:\/\/tfk.fi\/wp1\/#organization"},"potentialAction":[{"@type":"SearchAction","target":{"@type":"EntryPoint","urlTemplate":"https:\/\/tfk.fi\/wp1\/?s={search_term_string}"},"query-input":{"@type":"PropertyValueSpecification","valueRequired":true,"valueName":"search_term_string"}}],"inLanguage":"fi"},{"@type":"Organization","@id":"https:\/\/tfk.fi\/wp1\/#organization","name":"Tampereen Filharmoninen Kuoro","url":"https:\/\/tfk.fi\/wp1\/","logo":{"@type":"ImageObject","inLanguage":"fi","@id":"https:\/\/tfk.fi\/wp1\/#\/schema\/logo\/image\/","url":"https:\/\/tfk.fi\/wp1\/wp-content\/uploads\/2018\/08\/TFK-logo_100x50.jpg","contentUrl":"https:\/\/tfk.fi\/wp1\/wp-content\/uploads\/2018\/08\/TFK-logo_100x50.jpg","width":100,"height":53,"caption":"Tampereen Filharmoninen Kuoro"},"image":{"@id":"https:\/\/tfk.fi\/wp1\/#\/schema\/logo\/image\/"},"sameAs":["https:\/\/fi-fi.facebook.com\/TampereenFilharmoninenKuoro\/","https:\/\/x.com\/tfk_tampere","https:\/\/www.instagram.com\/tampereenfilharmoninenkuoro\/?hl=fi","https:\/\/www.youtube.com\/channel\/UCHNsgug_VXv_-TiyOBP5_cg\/featured","https:\/\/fi.wikipedia.org\/wiki\/Tampereen_Filharmoninen_Kuoro"]}]}},"_links":{"self":[{"href":"https:\/\/tfk.fi\/wp1\/wp-json\/wp\/v2\/pages\/685","targetHints":{"allow":["GET"]}}],"collection":[{"href":"https:\/\/tfk.fi\/wp1\/wp-json\/wp\/v2\/pages"}],"about":[{"href":"https:\/\/tfk.fi\/wp1\/wp-json\/wp\/v2\/types\/page"}],"author":[{"embeddable":true,"href":"https:\/\/tfk.fi\/wp1\/wp-json\/wp\/v2\/users\/6"}],"replies":[{"embeddable":true,"href":"https:\/\/tfk.fi\/wp1\/wp-json\/wp\/v2\/comments?post=685"}],"version-history":[{"count":3,"href":"https:\/\/tfk.fi\/wp1\/wp-json\/wp\/v2\/pages\/685\/revisions"}],"predecessor-version":[{"id":690,"href":"https:\/\/tfk.fi\/wp1\/wp-json\/wp\/v2\/pages\/685\/revisions\/690"}],"wp:attachment":[{"href":"https:\/\/tfk.fi\/wp1\/wp-json\/wp\/v2\/media?parent=685"}],"curies":[{"name":"wp","href":"https:\/\/api.w.org\/{rel}","templated":true}]}}