{"id":81,"date":"2018-08-09T21:28:08","date_gmt":"2018-08-09T18:28:08","guid":{"rendered":"http:\/\/178.63.53.181\/~tfkfi\/wp1\/?page_id=81"},"modified":"2023-06-19T11:39:12","modified_gmt":"2023-06-19T08:39:12","slug":"yhteystiedot","status":"publish","type":"page","link":"https:\/\/tfk.fi\/wp1\/yhteystiedot\/","title":{"rendered":"Yhteystiedot"},"content":{"rendered":"<div id=\"webs-bin-5387455940b533f57210d7a1\" class=\"webs-bin\">\n<div class=\"webs-bin-wrap\">\n<div class=\"webs-container webs-module-title w-title-default\">\n<div class=\"w-text \"><strong>Toimihenkil\u00f6t<\/strong><\/div>\n<\/div>\n<\/div>\n<\/div>\n<div id=\"webs-bin-5387457d40b533f57210d7b3\" class=\"webs-bin\">\n<div class=\"webs-bin-wrap\">\n<div class=\"webs-container webs-module-text \">\n<div class=\"webs-text \">\n<ul class=\"style-disc\">\n<li>Puheenjohtaja Susanna Saarenp\u00e4\u00e4, p. 040 706 6019, info\u2009(\u00e4t)\u2009tfk.fi<\/li>\n<\/ul>\n<\/div>\n<\/div>\n<\/div>\n<\/div>\n<div id=\"webs-bin-53ede423a1fcf2624c16d365\" class=\"webs-bin\">\n<div class=\"webs-bin-wrap\">\n<div class=\"webs-container webs-module-title w-title-default\">\n<div class=\"w-text \"><strong>Postiosoite<\/strong><\/div>\n<\/div>\n<\/div>\n<\/div>\n<div id=\"webs-bin-53ede42fa1fcf2624c16d368\" class=\"webs-bin\">\n<div class=\"webs-bin-wrap\">\n<div class=\"webs-container webs-module-text \">\n<div class=\"webs-text \">Tampereen Filharmoninen Kuoro<br \/>\nTampere-talo<br \/>\nYliopistonkatu 55, PL 16<br \/>\n33101 TAMPERE<\/p>\n<div><\/div>\n<div><strong>S\u00e4hk\u00f6posti<\/strong>: info\u2009(\u00e4t)\u2009tfk.fi<\/div>\n<\/div>\n<\/div>\n<\/div>\n<\/div>\n<div id=\"webs-bin-54c542835d3151865c01ab24\" class=\"webs-bin\">\n<div class=\"webs-bin-wrap\">\n<div class=\"webs-container webs-module-title w-title-default\">\n<div class=\"w-text \">Muut tiedot<\/div>\n<\/div>\n<\/div>\n<\/div>\n<div id=\"webs-bin-54c542905d3151865c01ab26\" class=\"webs-bin\">\n<div class=\"webs-bin-wrap\">\n<div class=\"webs-container webs-module-text \">\n<div class=\"webs-text \">\n<p>Y-tunnus:\u00a01002523-6<\/p>\n<div><strong>Rekisterinumero<\/strong>:\u00a0 158.655<\/div>\n<\/div>\n<\/div>\n<\/div>\n<\/div>\n","protected":false},"excerpt":{"rendered":"<p>Toimihenkil\u00f6t Puheenjohtaja Susanna Saarenp\u00e4\u00e4, p. 040 706 6019, info\u2009(\u00e4t)\u2009tfk.fi Postiosoite Tampereen Filharmoninen Kuoro Tampere-talo Yliopistonkatu 55, PL 16 33101 TAMPERE S\u00e4hk\u00f6posti: info\u2009(\u00e4t)\u2009tfk.fi Muut tiedot Y-tunnus:\u00a01002523-6 Rekisterinumero:\u00a0 158.655<\/p>\n","protected":false},"author":1,"featured_media":0,"parent":0,"menu_order":0,"comment_status":"closed","ping_status":"closed","template":"","meta":{"footnotes":""},"class_list":["post-81","page","type-page","status-publish","h-entry","hentry","h-as-page"],"yoast_head":"<!-- This site is optimized with the Yoast SEO plugin v23.4 - https:\/\/yoast.com\/wordpress\/plugins\/seo\/ -->\n<title>Yhteystiedot - TAMPEREEN FILHARMONINEN KUORO<\/title>\n<meta name=\"robots\" content=\"index, follow, max-snippet:-1, max-image-preview:large, max-video-preview:-1\" \/>\n<link rel=\"canonical\" href=\"https:\/\/tfk.fi\/wp1\/yhteystiedot\/\" \/>\n<meta property=\"og:locale\" content=\"fi_FI\" \/>\n<meta property=\"og:type\" content=\"article\" \/>\n<meta property=\"og:title\" content=\"Yhteystiedot - TAMPEREEN FILHARMONINEN KUORO\" \/>\n<meta property=\"og:description\" content=\"Toimihenkil\u00f6t Puheenjohtaja Susanna Saarenp\u00e4\u00e4, p. 040 706 6019, info\u2009(\u00e4t)\u2009tfk.fi Postiosoite Tampereen Filharmoninen Kuoro Tampere-talo Yliopistonkatu 55, PL 16 33101 TAMPERE S\u00e4hk\u00f6posti: info\u2009(\u00e4t)\u2009tfk.fi Muut tiedot Y-tunnus:\u00a01002523-6 Rekisterinumero:\u00a0 158.655\" \/>\n<meta property=\"og:url\" content=\"https:\/\/tfk.fi\/wp1\/yhteystiedot\/\" \/>\n<meta property=\"og:site_name\" content=\"TAMPEREEN FILHARMONINEN KUORO\" \/>\n<meta property=\"article:publisher\" content=\"https:\/\/fi-fi.facebook.com\/TampereenFilharmoninenKuoro\/\" \/>\n<meta property=\"article:modified_time\" content=\"2023-06-19T08:39:12+00:00\" \/>\n<meta name=\"twitter:card\" content=\"summary_large_image\" \/>\n<meta name=\"twitter:site\" content=\"@tfk_tampere\" \/>\n<meta name=\"twitter:label1\" content=\"Arvioitu lukuaika\" \/>\n\t<meta name=\"twitter:data1\" content=\"1 minuutti\" \/>\n<script type=\"application\/ld+json\" class=\"yoast-schema-graph\">{\"@context\":\"https:\/\/schema.org\",\"@graph\":[{\"@type\":\"WebPage\",\"@id\":\"https:\/\/tfk.fi\/wp1\/yhteystiedot\/\",\"url\":\"https:\/\/tfk.fi\/wp1\/yhteystiedot\/\",\"name\":\"Yhteystiedot - TAMPEREEN FILHARMONINEN KUORO\",\"isPartOf\":{\"@id\":\"https:\/\/tfk.fi\/wp1\/#website\"},\"datePublished\":\"2018-08-09T18:28:08+00:00\",\"dateModified\":\"2023-06-19T08:39:12+00:00\",\"breadcrumb\":{\"@id\":\"https:\/\/tfk.fi\/wp1\/yhteystiedot\/#breadcrumb\"},\"inLanguage\":\"fi\",\"potentialAction\":[{\"@type\":\"ReadAction\",\"target\":[\"https:\/\/tfk.fi\/wp1\/yhteystiedot\/\"]}]},{\"@type\":\"BreadcrumbList\",\"@id\":\"https:\/\/tfk.fi\/wp1\/yhteystiedot\/#breadcrumb\",\"itemListElement\":[{\"@type\":\"ListItem\",\"position\":1,\"name\":\"Home\",\"item\":\"https:\/\/tfk.fi\/wp1\/\"},{\"@type\":\"ListItem\",\"position\":2,\"name\":\"Yhteystiedot\"}]},{\"@type\":\"WebSite\",\"@id\":\"https:\/\/tfk.fi\/wp1\/#website\",\"url\":\"https:\/\/tfk.fi\/wp1\/\",\"name\":\"TAMPEREEN FILHARMONINEN KUORO\",\"description\":\"Tampere Philharmonic Choir\",\"publisher\":{\"@id\":\"https:\/\/tfk.fi\/wp1\/#organization\"},\"potentialAction\":[{\"@type\":\"SearchAction\",\"target\":{\"@type\":\"EntryPoint\",\"urlTemplate\":\"https:\/\/tfk.fi\/wp1\/?s={search_term_string}\"},\"query-input\":{\"@type\":\"PropertyValueSpecification\",\"valueRequired\":true,\"valueName\":\"search_term_string\"}}],\"inLanguage\":\"fi\"},{\"@type\":\"Organization\",\"@id\":\"https:\/\/tfk.fi\/wp1\/#organization\",\"name\":\"Tampereen Filharmoninen Kuoro\",\"url\":\"https:\/\/tfk.fi\/wp1\/\",\"logo\":{\"@type\":\"ImageObject\",\"inLanguage\":\"fi\",\"@id\":\"https:\/\/tfk.fi\/wp1\/#\/schema\/logo\/image\/\",\"url\":\"https:\/\/tfk.fi\/wp1\/wp-content\/uploads\/2018\/08\/TFK-logo_100x50.jpg\",\"contentUrl\":\"https:\/\/tfk.fi\/wp1\/wp-content\/uploads\/2018\/08\/TFK-logo_100x50.jpg\",\"width\":100,\"height\":53,\"caption\":\"Tampereen Filharmoninen Kuoro\"},\"image\":{\"@id\":\"https:\/\/tfk.fi\/wp1\/#\/schema\/logo\/image\/\"},\"sameAs\":[\"https:\/\/fi-fi.facebook.com\/TampereenFilharmoninenKuoro\/\",\"https:\/\/x.com\/tfk_tampere\",\"https:\/\/www.instagram.com\/tampereenfilharmoninenkuoro\/?hl=fi\",\"https:\/\/www.youtube.com\/channel\/UCHNsgug_VXv_-TiyOBP5_cg\/featured\",\"https:\/\/fi.wikipedia.org\/wiki\/Tampereen_Filharmoninen_Kuoro\"]}]}<\/script>\n<!-- \/ Yoast SEO plugin. -->","yoast_head_json":{"title":"Yhteystiedot - TAMPEREEN FILHARMONINEN KUORO","robots":{"index":"index","follow":"follow","max-snippet":"max-snippet:-1","max-image-preview":"max-image-preview:large","max-video-preview":"max-video-preview:-1"},"canonical":"https:\/\/tfk.fi\/wp1\/yhteystiedot\/","og_locale":"fi_FI","og_type":"article","og_title":"Yhteystiedot - TAMPEREEN FILHARMONINEN KUORO","og_description":"Toimihenkil\u00f6t Puheenjohtaja Susanna Saarenp\u00e4\u00e4, p. 040 706 6019, info\u2009(\u00e4t)\u2009tfk.fi Postiosoite Tampereen Filharmoninen Kuoro Tampere-talo Yliopistonkatu 55, PL 16 33101 TAMPERE S\u00e4hk\u00f6posti: info\u2009(\u00e4t)\u2009tfk.fi Muut tiedot Y-tunnus:\u00a01002523-6 Rekisterinumero:\u00a0 158.655","og_url":"https:\/\/tfk.fi\/wp1\/yhteystiedot\/","og_site_name":"TAMPEREEN FILHARMONINEN KUORO","article_publisher":"https:\/\/fi-fi.facebook.com\/TampereenFilharmoninenKuoro\/","article_modified_time":"2023-06-19T08:39:12+00:00","twitter_card":"summary_large_image","twitter_site":"@tfk_tampere","twitter_misc":{"Arvioitu lukuaika":"1 minuutti"},"schema":{"@context":"https:\/\/schema.org","@graph":[{"@type":"WebPage","@id":"https:\/\/tfk.fi\/wp1\/yhteystiedot\/","url":"https:\/\/tfk.fi\/wp1\/yhteystiedot\/","name":"Yhteystiedot - TAMPEREEN FILHARMONINEN KUORO","isPartOf":{"@id":"https:\/\/tfk.fi\/wp1\/#website"},"datePublished":"2018-08-09T18:28:08+00:00","dateModified":"2023-06-19T08:39:12+00:00","breadcrumb":{"@id":"https:\/\/tfk.fi\/wp1\/yhteystiedot\/#breadcrumb"},"inLanguage":"fi","potentialAction":[{"@type":"ReadAction","target":["https:\/\/tfk.fi\/wp1\/yhteystiedot\/"]}]},{"@type":"BreadcrumbList","@id":"https:\/\/tfk.fi\/wp1\/yhteystiedot\/#breadcrumb","itemListElement":[{"@type":"ListItem","position":1,"name":"Home","item":"https:\/\/tfk.fi\/wp1\/"},{"@type":"ListItem","position":2,"name":"Yhteystiedot"}]},{"@type":"WebSite","@id":"https:\/\/tfk.fi\/wp1\/#website","url":"https:\/\/tfk.fi\/wp1\/","name":"TAMPEREEN FILHARMONINEN KUORO","description":"Tampere Philharmonic Choir","publisher":{"@id":"https:\/\/tfk.fi\/wp1\/#organization"},"potentialAction":[{"@type":"SearchAction","target":{"@type":"EntryPoint","urlTemplate":"https:\/\/tfk.fi\/wp1\/?s={search_term_string}"},"query-input":{"@type":"PropertyValueSpecification","valueRequired":true,"valueName":"search_term_string"}}],"inLanguage":"fi"},{"@type":"Organization","@id":"https:\/\/tfk.fi\/wp1\/#organization","name":"Tampereen Filharmoninen Kuoro","url":"https:\/\/tfk.fi\/wp1\/","logo":{"@type":"ImageObject","inLanguage":"fi","@id":"https:\/\/tfk.fi\/wp1\/#\/schema\/logo\/image\/","url":"https:\/\/tfk.fi\/wp1\/wp-content\/uploads\/2018\/08\/TFK-logo_100x50.jpg","contentUrl":"https:\/\/tfk.fi\/wp1\/wp-content\/uploads\/2018\/08\/TFK-logo_100x50.jpg","width":100,"height":53,"caption":"Tampereen Filharmoninen Kuoro"},"image":{"@id":"https:\/\/tfk.fi\/wp1\/#\/schema\/logo\/image\/"},"sameAs":["https:\/\/fi-fi.facebook.com\/TampereenFilharmoninenKuoro\/","https:\/\/x.com\/tfk_tampere","https:\/\/www.instagram.com\/tampereenfilharmoninenkuoro\/?hl=fi","https:\/\/www.youtube.com\/channel\/UCHNsgug_VXv_-TiyOBP5_cg\/featured","https:\/\/fi.wikipedia.org\/wiki\/Tampereen_Filharmoninen_Kuoro"]}]}},"_links":{"self":[{"href":"https:\/\/tfk.fi\/wp1\/wp-json\/wp\/v2\/pages\/81","targetHints":{"allow":["GET"]}}],"collection":[{"href":"https:\/\/tfk.fi\/wp1\/wp-json\/wp\/v2\/pages"}],"about":[{"href":"https:\/\/tfk.fi\/wp1\/wp-json\/wp\/v2\/types\/page"}],"author":[{"embeddable":true,"href":"https:\/\/tfk.fi\/wp1\/wp-json\/wp\/v2\/users\/1"}],"replies":[{"embeddable":true,"href":"https:\/\/tfk.fi\/wp1\/wp-json\/wp\/v2\/comments?post=81"}],"version-history":[{"count":6,"href":"https:\/\/tfk.fi\/wp1\/wp-json\/wp\/v2\/pages\/81\/revisions"}],"predecessor-version":[{"id":1402,"href":"https:\/\/tfk.fi\/wp1\/wp-json\/wp\/v2\/pages\/81\/revisions\/1402"}],"wp:attachment":[{"href":"https:\/\/tfk.fi\/wp1\/wp-json\/wp\/v2\/media?parent=81"}],"curies":[{"name":"wp","href":"https:\/\/api.w.org\/{rel}","templated":true}]}}