{"id":83,"date":"2018-08-09T21:32:32","date_gmt":"2018-08-09T18:32:32","guid":{"rendered":"http:\/\/178.63.53.181\/~tfkfi\/wp1\/?page_id=83"},"modified":"2020-09-06T21:46:30","modified_gmt":"2020-09-06T18:46:30","slug":"taiteellinen-johto","status":"publish","type":"page","link":"https:\/\/tfk.fi\/wp1\/taiteellinen-johto\/","title":{"rendered":"Taiteellinen johto"},"content":{"rendered":"\n<div class=\"wp-block-image\"><figure class=\"alignleft size-large is-resized\"><img loading=\"lazy\" decoding=\"async\" src=\"https:\/\/tfk.fi\/wp1\/wp-content\/uploads\/2020\/09\/Ruut_Kiiski.jpg\" alt=\"Ruut Kiiski\" class=\"wp-image-709\" width=\"213\" height=\"320\" srcset=\"https:\/\/tfk.fi\/wp1\/wp-content\/uploads\/2020\/09\/Ruut_Kiiski.jpg 532w, https:\/\/tfk.fi\/wp1\/wp-content\/uploads\/2020\/09\/Ruut_Kiiski-200x300.jpg 200w\" sizes=\"auto, (max-width: 213px) 100vw, 213px\" \/><figcaption><em>Taiteellinen johtaja Ruut Kiiski<\/em><\/figcaption><\/figure><\/div>\n\n\n\n<p>Taiteellinen johtaja <strong>Ruut Kiiski<\/strong> on valmistunut kapellimestariksi Tukholman kuninkaallisesta musiikkikorkeakoulusta (2015) ja kirkkomuusikoksi (2008) ja kuoronjohtajaksi Sibelius-Akatemiasta (2011). <\/p>\n\n\n\n<p>Helsingiss\u00e4 h\u00e4n on johtanut mm. Akateeminen Laulu ja Cantabile -kuoroja. Kiiski on ty\u00f6skennellyt muun muassa Radion sinfoniaorkesterin, G\u00f6teborgin oopperan orkesterin ja Malm\u00f6n sinfoniaorkesterin kanssa. H\u00e4n on toiminut toisena johtajana tai avustavana johtajana useissa oopperatuotannoissa.<\/p>\n\n\n\n<p>Orkesterinjohdon kilpailuissa h\u00e4net on palkittu mm. Pariisissa (2016), Lontoossa (2016) ja Budapestiss\u00e4 (2011). <\/p>\n\n\n\n<div class=\"wp-block-image\"><figure class=\"alignright size-large is-resized\"><img loading=\"lazy\" decoding=\"async\" src=\"https:\/\/tfk.fi\/wp1\/wp-content\/uploads\/2020\/09\/Jouni_Rissanen-1.jpg\" alt=\"\" class=\"wp-image-710\" width=\"233\" height=\"233\" srcset=\"https:\/\/tfk.fi\/wp1\/wp-content\/uploads\/2020\/09\/Jouni_Rissanen-1.jpg 1000w, https:\/\/tfk.fi\/wp1\/wp-content\/uploads\/2020\/09\/Jouni_Rissanen-1-300x300.jpg 300w, https:\/\/tfk.fi\/wp1\/wp-content\/uploads\/2020\/09\/Jouni_Rissanen-1-150x150.jpg 150w, https:\/\/tfk.fi\/wp1\/wp-content\/uploads\/2020\/09\/Jouni_Rissanen-1-768x768.jpg 768w, https:\/\/tfk.fi\/wp1\/wp-content\/uploads\/2020\/09\/Jouni_Rissanen-1-960x960.jpg 960w\" sizes=\"auto, (max-width: 233px) 100vw, 233px\" \/><figcaption><em>Kuoromestari Jouni Rissanen<\/em><\/figcaption><\/figure><\/div>\n\n\n\n<p>Kuoromestari <strong>Jouni Rissanen<\/strong> on valmistunut musiikin maisteriksi Sibelius-Akatemiasta (2011) ja musiikkipedagokiksi AMK Metropolia ammattikorkeakoulusta, p\u00e4\u00e4aineena kuoron- ja yhtyeenjohto. <\/p>\n\n\n\n<p>Rissanen on tullut Tampereella tunnetuksi Pirkanpoikien taiteellisena johtajana. H\u00e4n on ty\u00f6skennellyt my\u00f6s kuoromestarina Tampereen Oopperan lapsikuorossa ja Ilmajoen Musiikkijuhlilla sek\u00e4 kuoronjohdon opettajana Tampereen ammattikorkeakoulussa.\u00a0<\/p>\n\n\n\n<div class=\"wp-block-image size-thumbnail wp-image-85\"><figure class=\"alignleft is-resized\"><img loading=\"lazy\" decoding=\"async\" src=\"https:\/\/tfk.fi\/wp1\/wp-content\/uploads\/2018\/08\/oksavuori2-149x150.jpg\" alt=\"\" class=\"wp-image-85\" width=\"209\" height=\"210\"\/><figcaption>Sari Oksavuori<\/figcaption><\/figure><\/div>\n\n\n\n<p>Kuoron varajohtaja <strong>Sari Oksavuori<\/strong> on valmistunut kirkkomuusikoksi Tampereen konservatoriosta vuonna 2001 ja musiikin maisteriksi Sibelius-Akatemian Kuopion osastosta vuonna 2005.<\/p>\n\n\n\n<p>Kuoronjohtoa h\u00e4n on opiskellut Timo Nuoranteen, Jorma Hannikaisen, Heikki Liimolan, Seppo Murron sek\u00e4 Kari Turusen johdolla ja suorittanut kuoronjohdon B-tutkinnon. H\u00e4nell\u00e4 on my\u00f6s A-kanttorin p\u00e4tevyys. Sari Oksavuori ty\u00f6skentelee Yl\u00f6j\u00e4rven seurakunnan kanttorina.<\/p>\n\n\n\n<p><strong>Tuuli Wirkkula<\/strong> on valmistunut musiikkipedagogiksi vuonna 2005 ja muusikoksi vuonna 2007 Pirkanmaan ammattikorkeakoulun musiikin yksik\u00f6st\u00e4 opettajanaan Lauri V\u00e4inmaa. Solistisia opintojaan h\u00e4n on t\u00e4ydent\u00e4nyt mm. Kirsti Huttusen sek\u00e4 Hui Ying Liu-Tawaststjernan mestarikursseilla.<\/p>\n\n\n\n<div class=\"wp-block-image size-medium wp-image-86\"><figure class=\"alignleft\"><img loading=\"lazy\" decoding=\"async\" width=\"300\" height=\"210\" src=\"https:\/\/tfk.fi\/wp1\/wp-content\/uploads\/2018\/08\/tuuli-300x210.jpg\" alt=\"\" class=\"wp-image-86\"\/><figcaption>Tuuli Wirkkula<\/figcaption><\/figure><\/div>\n\n\n\n<p>Viktoria Tanito-Hunyadin s\u00e4estys- ja korrepetitiokoulutuksen Wirkkula suoritti erinomaisin arvosanoin vuosina 2001-02 ja jatkoi opintojaan vuonna 2005 Tiina K\u00e4rklanen johdolla. Vokaalimusiikin tuntemustaan h\u00e4n on syvent\u00e4nyt toimimalla aktiivisena liedpianistina sek\u00e4 s\u00e4est\u00e4j\u00e4n\u00e4 yksinlaulun ja kuoromusiikin saralla.<\/p>\n\n\n\n<p>Tuuli Wirkkula on toiminut Tampereen Filharmonisen Kuoron harjoituss\u00e4est\u00e4j\u00e4n\u00e4 vuodesta 2004.<br>Lis\u00e4ksi h\u00e4n toimii Pirkan opiston pianonsoiton tuntiopettajana ja s\u00e4est\u00e4j\u00e4n\u00e4 sek\u00e4 Tampereen oopperakuoron harjoituss\u00e4est\u00e4j\u00e4n\u00e4.<\/p>\n","protected":false},"excerpt":{"rendered":"<p>Taiteellinen johtaja Ruut Kiiski on valmistunut kapellimestariksi Tukholman kuninkaallisesta musiikkikorkeakoulusta (2015) ja kirkkomuusikoksi (2008) ja kuoronjohtajaksi Sibelius-Akatemiasta (2011). Helsingiss\u00e4 h\u00e4n on johtanut mm. Akateeminen Laulu ja Cantabile -kuoroja. Kiiski on ty\u00f6skennellyt muun muassa Radion sinfoniaorkesterin, G\u00f6teborgin oopperan orkesterin ja Malm\u00f6n sinfoniaorkesterin kanssa. H\u00e4n on toiminut toisena johtajana tai avustavana johtajana useissa oopperatuotannoissa. Orkesterinjohdon kilpailuissa h\u00e4net <a href=\"https:\/\/tfk.fi\/wp1\/taiteellinen-johto\/\" class=\"more-link\">...jatka lukemista<span class=\"screen-reader-text\"> \"Taiteellinen johto\"<\/span><\/a><\/p>\n","protected":false},"author":1,"featured_media":0,"parent":0,"menu_order":0,"comment_status":"closed","ping_status":"closed","template":"","meta":{"footnotes":""},"class_list":["post-83","page","type-page","status-publish","h-entry","hentry","h-as-page"],"yoast_head":"<!-- This site is optimized with the Yoast SEO plugin v23.4 - https:\/\/yoast.com\/wordpress\/plugins\/seo\/ -->\n<title>Taiteellinen johto - TAMPEREEN FILHARMONINEN KUORO<\/title>\n<meta name=\"robots\" content=\"index, follow, max-snippet:-1, max-image-preview:large, max-video-preview:-1\" \/>\n<link rel=\"canonical\" href=\"https:\/\/tfk.fi\/wp1\/taiteellinen-johto\/\" \/>\n<meta property=\"og:locale\" content=\"fi_FI\" \/>\n<meta property=\"og:type\" content=\"article\" \/>\n<meta property=\"og:title\" content=\"Taiteellinen johto - TAMPEREEN FILHARMONINEN KUORO\" \/>\n<meta property=\"og:description\" content=\"Taiteellinen johtaja Ruut Kiiski on valmistunut kapellimestariksi Tukholman kuninkaallisesta musiikkikorkeakoulusta (2015) ja kirkkomuusikoksi (2008) ja kuoronjohtajaksi Sibelius-Akatemiasta (2011). Helsingiss\u00e4 h\u00e4n on johtanut mm. Akateeminen Laulu ja Cantabile -kuoroja. Kiiski on ty\u00f6skennellyt muun muassa Radion sinfoniaorkesterin, G\u00f6teborgin oopperan orkesterin ja Malm\u00f6n sinfoniaorkesterin kanssa. H\u00e4n on toiminut toisena johtajana tai avustavana johtajana useissa oopperatuotannoissa. Orkesterinjohdon kilpailuissa h\u00e4net ...jatka lukemista &quot;Taiteellinen johto&quot;\" \/>\n<meta property=\"og:url\" content=\"https:\/\/tfk.fi\/wp1\/taiteellinen-johto\/\" \/>\n<meta property=\"og:site_name\" content=\"TAMPEREEN FILHARMONINEN KUORO\" \/>\n<meta property=\"article:publisher\" content=\"https:\/\/fi-fi.facebook.com\/TampereenFilharmoninenKuoro\/\" \/>\n<meta property=\"article:modified_time\" content=\"2020-09-06T18:46:30+00:00\" \/>\n<meta property=\"og:image\" content=\"http:\/\/tfk.fi\/wp1\/wp-content\/uploads\/2020\/09\/Ruut_Kiiski.jpg\" \/>\n<meta name=\"twitter:card\" content=\"summary_large_image\" \/>\n<meta name=\"twitter:site\" content=\"@tfk_tampere\" \/>\n<meta name=\"twitter:label1\" content=\"Arvioitu lukuaika\" \/>\n\t<meta name=\"twitter:data1\" content=\"1 minuutti\" \/>\n<script type=\"application\/ld+json\" class=\"yoast-schema-graph\">{\"@context\":\"https:\/\/schema.org\",\"@graph\":[{\"@type\":\"WebPage\",\"@id\":\"https:\/\/tfk.fi\/wp1\/taiteellinen-johto\/\",\"url\":\"https:\/\/tfk.fi\/wp1\/taiteellinen-johto\/\",\"name\":\"Taiteellinen johto - TAMPEREEN FILHARMONINEN KUORO\",\"isPartOf\":{\"@id\":\"https:\/\/tfk.fi\/wp1\/#website\"},\"primaryImageOfPage\":{\"@id\":\"https:\/\/tfk.fi\/wp1\/taiteellinen-johto\/#primaryimage\"},\"image\":{\"@id\":\"https:\/\/tfk.fi\/wp1\/taiteellinen-johto\/#primaryimage\"},\"thumbnailUrl\":\"http:\/\/tfk.fi\/wp1\/wp-content\/uploads\/2020\/09\/Ruut_Kiiski.jpg\",\"datePublished\":\"2018-08-09T18:32:32+00:00\",\"dateModified\":\"2020-09-06T18:46:30+00:00\",\"breadcrumb\":{\"@id\":\"https:\/\/tfk.fi\/wp1\/taiteellinen-johto\/#breadcrumb\"},\"inLanguage\":\"fi\",\"potentialAction\":[{\"@type\":\"ReadAction\",\"target\":[\"https:\/\/tfk.fi\/wp1\/taiteellinen-johto\/\"]}]},{\"@type\":\"ImageObject\",\"inLanguage\":\"fi\",\"@id\":\"https:\/\/tfk.fi\/wp1\/taiteellinen-johto\/#primaryimage\",\"url\":\"http:\/\/tfk.fi\/wp1\/wp-content\/uploads\/2020\/09\/Ruut_Kiiski.jpg\",\"contentUrl\":\"http:\/\/tfk.fi\/wp1\/wp-content\/uploads\/2020\/09\/Ruut_Kiiski.jpg\"},{\"@type\":\"BreadcrumbList\",\"@id\":\"https:\/\/tfk.fi\/wp1\/taiteellinen-johto\/#breadcrumb\",\"itemListElement\":[{\"@type\":\"ListItem\",\"position\":1,\"name\":\"Home\",\"item\":\"https:\/\/tfk.fi\/wp1\/\"},{\"@type\":\"ListItem\",\"position\":2,\"name\":\"Taiteellinen johto\"}]},{\"@type\":\"WebSite\",\"@id\":\"https:\/\/tfk.fi\/wp1\/#website\",\"url\":\"https:\/\/tfk.fi\/wp1\/\",\"name\":\"TAMPEREEN FILHARMONINEN KUORO\",\"description\":\"Tampere Philharmonic Choir\",\"publisher\":{\"@id\":\"https:\/\/tfk.fi\/wp1\/#organization\"},\"potentialAction\":[{\"@type\":\"SearchAction\",\"target\":{\"@type\":\"EntryPoint\",\"urlTemplate\":\"https:\/\/tfk.fi\/wp1\/?s={search_term_string}\"},\"query-input\":{\"@type\":\"PropertyValueSpecification\",\"valueRequired\":true,\"valueName\":\"search_term_string\"}}],\"inLanguage\":\"fi\"},{\"@type\":\"Organization\",\"@id\":\"https:\/\/tfk.fi\/wp1\/#organization\",\"name\":\"Tampereen Filharmoninen Kuoro\",\"url\":\"https:\/\/tfk.fi\/wp1\/\",\"logo\":{\"@type\":\"ImageObject\",\"inLanguage\":\"fi\",\"@id\":\"https:\/\/tfk.fi\/wp1\/#\/schema\/logo\/image\/\",\"url\":\"https:\/\/tfk.fi\/wp1\/wp-content\/uploads\/2018\/08\/TFK-logo_100x50.jpg\",\"contentUrl\":\"https:\/\/tfk.fi\/wp1\/wp-content\/uploads\/2018\/08\/TFK-logo_100x50.jpg\",\"width\":100,\"height\":53,\"caption\":\"Tampereen Filharmoninen Kuoro\"},\"image\":{\"@id\":\"https:\/\/tfk.fi\/wp1\/#\/schema\/logo\/image\/\"},\"sameAs\":[\"https:\/\/fi-fi.facebook.com\/TampereenFilharmoninenKuoro\/\",\"https:\/\/x.com\/tfk_tampere\",\"https:\/\/www.instagram.com\/tampereenfilharmoninenkuoro\/?hl=fi\",\"https:\/\/www.youtube.com\/channel\/UCHNsgug_VXv_-TiyOBP5_cg\/featured\",\"https:\/\/fi.wikipedia.org\/wiki\/Tampereen_Filharmoninen_Kuoro\"]}]}<\/script>\n<!-- \/ Yoast SEO plugin. -->","yoast_head_json":{"title":"Taiteellinen johto - TAMPEREEN FILHARMONINEN KUORO","robots":{"index":"index","follow":"follow","max-snippet":"max-snippet:-1","max-image-preview":"max-image-preview:large","max-video-preview":"max-video-preview:-1"},"canonical":"https:\/\/tfk.fi\/wp1\/taiteellinen-johto\/","og_locale":"fi_FI","og_type":"article","og_title":"Taiteellinen johto - TAMPEREEN FILHARMONINEN KUORO","og_description":"Taiteellinen johtaja Ruut Kiiski on valmistunut kapellimestariksi Tukholman kuninkaallisesta musiikkikorkeakoulusta (2015) ja kirkkomuusikoksi (2008) ja kuoronjohtajaksi Sibelius-Akatemiasta (2011). Helsingiss\u00e4 h\u00e4n on johtanut mm. Akateeminen Laulu ja Cantabile -kuoroja. Kiiski on ty\u00f6skennellyt muun muassa Radion sinfoniaorkesterin, G\u00f6teborgin oopperan orkesterin ja Malm\u00f6n sinfoniaorkesterin kanssa. H\u00e4n on toiminut toisena johtajana tai avustavana johtajana useissa oopperatuotannoissa. Orkesterinjohdon kilpailuissa h\u00e4net ...jatka lukemista \"Taiteellinen johto\"","og_url":"https:\/\/tfk.fi\/wp1\/taiteellinen-johto\/","og_site_name":"TAMPEREEN FILHARMONINEN KUORO","article_publisher":"https:\/\/fi-fi.facebook.com\/TampereenFilharmoninenKuoro\/","article_modified_time":"2020-09-06T18:46:30+00:00","og_image":[{"url":"http:\/\/tfk.fi\/wp1\/wp-content\/uploads\/2020\/09\/Ruut_Kiiski.jpg"}],"twitter_card":"summary_large_image","twitter_site":"@tfk_tampere","twitter_misc":{"Arvioitu lukuaika":"1 minuutti"},"schema":{"@context":"https:\/\/schema.org","@graph":[{"@type":"WebPage","@id":"https:\/\/tfk.fi\/wp1\/taiteellinen-johto\/","url":"https:\/\/tfk.fi\/wp1\/taiteellinen-johto\/","name":"Taiteellinen johto - TAMPEREEN FILHARMONINEN KUORO","isPartOf":{"@id":"https:\/\/tfk.fi\/wp1\/#website"},"primaryImageOfPage":{"@id":"https:\/\/tfk.fi\/wp1\/taiteellinen-johto\/#primaryimage"},"image":{"@id":"https:\/\/tfk.fi\/wp1\/taiteellinen-johto\/#primaryimage"},"thumbnailUrl":"http:\/\/tfk.fi\/wp1\/wp-content\/uploads\/2020\/09\/Ruut_Kiiski.jpg","datePublished":"2018-08-09T18:32:32+00:00","dateModified":"2020-09-06T18:46:30+00:00","breadcrumb":{"@id":"https:\/\/tfk.fi\/wp1\/taiteellinen-johto\/#breadcrumb"},"inLanguage":"fi","potentialAction":[{"@type":"ReadAction","target":["https:\/\/tfk.fi\/wp1\/taiteellinen-johto\/"]}]},{"@type":"ImageObject","inLanguage":"fi","@id":"https:\/\/tfk.fi\/wp1\/taiteellinen-johto\/#primaryimage","url":"http:\/\/tfk.fi\/wp1\/wp-content\/uploads\/2020\/09\/Ruut_Kiiski.jpg","contentUrl":"http:\/\/tfk.fi\/wp1\/wp-content\/uploads\/2020\/09\/Ruut_Kiiski.jpg"},{"@type":"BreadcrumbList","@id":"https:\/\/tfk.fi\/wp1\/taiteellinen-johto\/#breadcrumb","itemListElement":[{"@type":"ListItem","position":1,"name":"Home","item":"https:\/\/tfk.fi\/wp1\/"},{"@type":"ListItem","position":2,"name":"Taiteellinen johto"}]},{"@type":"WebSite","@id":"https:\/\/tfk.fi\/wp1\/#website","url":"https:\/\/tfk.fi\/wp1\/","name":"TAMPEREEN FILHARMONINEN KUORO","description":"Tampere Philharmonic Choir","publisher":{"@id":"https:\/\/tfk.fi\/wp1\/#organization"},"potentialAction":[{"@type":"SearchAction","target":{"@type":"EntryPoint","urlTemplate":"https:\/\/tfk.fi\/wp1\/?s={search_term_string}"},"query-input":{"@type":"PropertyValueSpecification","valueRequired":true,"valueName":"search_term_string"}}],"inLanguage":"fi"},{"@type":"Organization","@id":"https:\/\/tfk.fi\/wp1\/#organization","name":"Tampereen Filharmoninen Kuoro","url":"https:\/\/tfk.fi\/wp1\/","logo":{"@type":"ImageObject","inLanguage":"fi","@id":"https:\/\/tfk.fi\/wp1\/#\/schema\/logo\/image\/","url":"https:\/\/tfk.fi\/wp1\/wp-content\/uploads\/2018\/08\/TFK-logo_100x50.jpg","contentUrl":"https:\/\/tfk.fi\/wp1\/wp-content\/uploads\/2018\/08\/TFK-logo_100x50.jpg","width":100,"height":53,"caption":"Tampereen Filharmoninen Kuoro"},"image":{"@id":"https:\/\/tfk.fi\/wp1\/#\/schema\/logo\/image\/"},"sameAs":["https:\/\/fi-fi.facebook.com\/TampereenFilharmoninenKuoro\/","https:\/\/x.com\/tfk_tampere","https:\/\/www.instagram.com\/tampereenfilharmoninenkuoro\/?hl=fi","https:\/\/www.youtube.com\/channel\/UCHNsgug_VXv_-TiyOBP5_cg\/featured","https:\/\/fi.wikipedia.org\/wiki\/Tampereen_Filharmoninen_Kuoro"]}]}},"_links":{"self":[{"href":"https:\/\/tfk.fi\/wp1\/wp-json\/wp\/v2\/pages\/83","targetHints":{"allow":["GET"]}}],"collection":[{"href":"https:\/\/tfk.fi\/wp1\/wp-json\/wp\/v2\/pages"}],"about":[{"href":"https:\/\/tfk.fi\/wp1\/wp-json\/wp\/v2\/types\/page"}],"author":[{"embeddable":true,"href":"https:\/\/tfk.fi\/wp1\/wp-json\/wp\/v2\/users\/1"}],"replies":[{"embeddable":true,"href":"https:\/\/tfk.fi\/wp1\/wp-json\/wp\/v2\/comments?post=83"}],"version-history":[{"count":12,"href":"https:\/\/tfk.fi\/wp1\/wp-json\/wp\/v2\/pages\/83\/revisions"}],"predecessor-version":[{"id":711,"href":"https:\/\/tfk.fi\/wp1\/wp-json\/wp\/v2\/pages\/83\/revisions\/711"}],"wp:attachment":[{"href":"https:\/\/tfk.fi\/wp1\/wp-json\/wp\/v2\/media?parent=83"}],"curies":[{"name":"wp","href":"https:\/\/api.w.org\/{rel}","templated":true}]}}