{"id":91,"date":"2018-08-09T21:41:27","date_gmt":"2018-08-09T18:41:27","guid":{"rendered":"http:\/\/178.63.53.181\/~tfkfi\/wp1\/?page_id=91"},"modified":"2025-11-26T10:05:01","modified_gmt":"2025-11-26T08:05:01","slug":"laulajaksi-kuoroon","status":"publish","type":"page","link":"https:\/\/tfk.fi\/wp1\/laulajaksi-kuoroon\/","title":{"rendered":"Laulajaksi kuoroon"},"content":{"rendered":"\n<div class=\"wp-block-group\"><div class=\"wp-block-group__inner-container is-layout-constrained wp-block-group-is-layout-constrained\">\n<p><\/p>\n\n\n\n<p>Seuraavat koelaulut j\u00e4rjestet\u00e4\u00e4n Tyllill\u00e4 (Hallituskatu 30) ke 14.1. ja 21.1.2026. <\/p>\n<\/div><\/div>\n\n\n\n<p><strong>Ilmoittautuaksesi koelauluun t\u00e4yt\u00e4th\u00e4n t\u00e4m\u00e4n <a href=\"https:\/\/docs.google.com\/forms\/d\/e\/1FAIpQLSfJriDktncfJzO8k4E8LAPRj1ON9hu1lDjBUxfB95U-8kCfIg\/viewform?usp=sf_link\">lomakkeen<\/a>.<\/strong> Mik\u00e4li haet kuoroon syksyn koelaulujen j\u00e4lkeen, t\u00e4yt\u00e4th\u00e4n silti lomakkeen ja t\u00e4m\u00e4n lis\u00e4ksi laita my\u00f6s s\u00e4hk\u00f6postia osoitteeseen info (at) tfk.fi!<\/p>\n\n\n\n<div class=\"wp-block-group\"><div class=\"wp-block-group__inner-container is-layout-constrained wp-block-group-is-layout-constrained\">\n<p>Koelaulussa p\u00e4\u00e4set laulamaan vapaavalintaisen kappaleen. T\u00e4m\u00e4n lis\u00e4ksi kartoitamme \u00e4\u00e4nialaasi ja nuotinlukutaitoasi. <\/p>\n\n\n\n<p><\/p>\n<\/div><\/div>\n\n\n\n<div class=\"wp-block-group\"><div class=\"wp-block-group__inner-container is-layout-constrained wp-block-group-is-layout-constrained\">\n<div class=\"wp-block-group\"><div class=\"wp-block-group__inner-container is-layout-constrained wp-block-group-is-layout-constrained\">\n<h2 class=\"wp-block-heading\"><strong>Uudet laulajat<\/strong><\/h2>\n\n\n\n<p>Kuoroon voi pyrki\u00e4 koelaulutilaisuuksissa, joita j\u00e4rjestet\u00e4\u00e4n tavallisesti loppukev\u00e4\u00e4ll\u00e4 ja alkusyksyst\u00e4. Kuoroon voi toki pyrki\u00e4 muinakin aikoina. Odotamme uusilta laulajilta sujuvaa nuotinlukutaitoa ja tarkkaa nuottikorvaa, klassisen laulun taidot ovat eduksi.<\/p>\n\n\n\n<p>Koelaulutilaisuudessa lauletaan vapaavalintainen kappale (tyylilajilla ei ole v\u00e4li\u00e4). Laulaa voi ulkomuistista tai ottaa nuotit mukaan. Tilaisuudessa testataan my\u00f6s nuotinlukutaitoa ja kartoitetaan omin \u00e4\u00e4nialasi. Seuraa ilmoittelua t\u00e4\u00e4ll\u00e4 kuoron sivuilla tai somessa!<\/p>\n<\/div><\/div>\n\n\n\n<div class=\"wp-block-group\"><div class=\"wp-block-group__inner-container is-layout-constrained wp-block-group-is-layout-constrained\">\n<h2 class=\"wp-block-heading\"><strong>J\u00e4senmaksu<\/strong><\/h2>\n\n\n\n<p>Kuoron j\u00e4senmaksu on 80 \u20ac per laulukausi. Er\u00e4p\u00e4iv\u00e4 on p\u00e4\u00e4s\u00e4\u00e4nt\u00f6isesti lokakuun lopussa. J\u00e4senmaksun voi suorittaa kahdessa er\u00e4ss\u00e4, jolloin j\u00e4lkimm\u00e4inen er\u00e4 lankeaa maksuun vuoden lopussa. <\/p>\n\n\n\n<p>Harjoitukset pidet\u00e4\u00e4n Tylliss\u00e4 (Hallituskatu 30) keskiviikkoisin klo 17:30\u201320:15 ellei toisin ilmoiteta. \u00c4\u00e4nenavaus alkaa 17:30. Lis\u00e4ksi kerran, pari kaudessa on, viikonloppuleiri.<\/p>\n<\/div><\/div>\n\n\n\n<div class=\"wp-block-group\"><div class=\"wp-block-group__inner-container is-layout-constrained wp-block-group-is-layout-constrained\">\n<h2 class=\"wp-block-heading\"><strong>Palvelut kuorolaisille<\/strong><\/h2>\n\n\n\n<p>Viikkoharjoituksissa on paikalla tarvittaessa lastenhoitaja.<\/p>\n<\/div><\/div>\n\n\n\n<h1 class=\"wp-block-heading\">Mihin olet kuorossa tyytyv\u00e4inen?<\/h1>\n\n\n<div class=\"wp-block-image size-full wp-image-92\">\n<figure class=\"alignright\"><img loading=\"lazy\" decoding=\"async\" width=\"300\" height=\"300\" src=\"http:\/\/178.63.53.181\/~tfkfi\/wp1\/wp-content\/uploads\/2018\/08\/kuoron_miehet.jpg\" alt=\"\" class=\"wp-image-92\" srcset=\"https:\/\/tfk.fi\/wp1\/wp-content\/uploads\/2018\/08\/kuoron_miehet.jpg 300w, https:\/\/tfk.fi\/wp1\/wp-content\/uploads\/2018\/08\/kuoron_miehet-150x150.jpg 150w\" sizes=\"auto, (max-width: 300px) 100vw, 300px\" \/><figcaption class=\"wp-element-caption\">Kuoron tenoreita<\/figcaption><\/figure>\n<\/div>\n\n\n<blockquote class=\"wp-block-quote is-layout-flow wp-block-quote-is-layout-flow\">\n<p><em>\"Todella hyv\u00e4\u00e4n henkeen kuorossa, laadukkaaseen tasoon. Projektit ovat mielenkiintoisia, mukavaa&nbsp;ja v\u00e4lill\u00e4 todella haastavaa ja kehitt\u00e4v\u00e4\u00e4 laulettavaa. Kuoron uuteen johtajaan! Mahtavan innostava ja p\u00e4tev\u00e4 johtaja!\"&nbsp;<\/em><\/p>\n<\/blockquote>\n\n\n\n<blockquote class=\"wp-block-quote is-layout-flow wp-block-quote-is-layout-flow\">\n<p><em>\"Kuorossa on nykyisin aivan mahtava innostunut ilmapiiri.\"<\/em><\/p>\n<\/blockquote>\n\n\n\n<blockquote class=\"wp-block-quote is-layout-flow wp-block-quote-is-layout-flow\">\n<p><em>\"Tosi laadukasta ohjelmistoa, ihanaa yhteisty\u00f6t\u00e4 Filharmonian kanssa, mahtavia johtajia,&nbsp;kapellimestareita, ihania kavereita, ammattimaista toimintaa vaikka amat\u00f6\u00f6rej\u00e4 ollaankin,&nbsp;uskomattoman hienoja el\u00e4myksi\u00e4 sek\u00e4 lavalla ett\u00e4 yleis\u00f6n puolella.\"<\/em><\/p>\n<\/blockquote>\n<\/div><\/div>\n","protected":false},"excerpt":{"rendered":"<p>Seuraavat koelaulut j\u00e4rjestet\u00e4\u00e4n Tyllill\u00e4 (Hallituskatu 30) ke 14.1. ja 21.1.2026. Ilmoittautuaksesi koelauluun t\u00e4yt\u00e4th\u00e4n t\u00e4m\u00e4n lomakkeen. Mik\u00e4li haet kuoroon syksyn koelaulujen j\u00e4lkeen, t\u00e4yt\u00e4th\u00e4n silti lomakkeen ja t\u00e4m\u00e4n lis\u00e4ksi laita my\u00f6s s\u00e4hk\u00f6postia osoitteeseen info (at) tfk.fi! Koelaulussa p\u00e4\u00e4set laulamaan vapaavalintaisen kappaleen. T\u00e4m\u00e4n lis\u00e4ksi kartoitamme \u00e4\u00e4nialaasi ja nuotinlukutaitoasi. Uudet laulajat Kuoroon voi pyrki\u00e4 koelaulutilaisuuksissa, joita j\u00e4rjestet\u00e4\u00e4n tavallisesti loppukev\u00e4\u00e4ll\u00e4 <a href=\"https:\/\/tfk.fi\/wp1\/laulajaksi-kuoroon\/\" class=\"more-link\">...jatka lukemista<span class=\"screen-reader-text\"> \"Laulajaksi kuoroon\"<\/span><\/a><\/p>\n","protected":false},"author":1,"featured_media":0,"parent":0,"menu_order":0,"comment_status":"closed","ping_status":"closed","template":"","meta":{"footnotes":""},"class_list":["post-91","page","type-page","status-publish","h-entry","hentry","h-as-page"],"yoast_head":"<!-- This site is optimized with the Yoast SEO plugin v23.4 - https:\/\/yoast.com\/wordpress\/plugins\/seo\/ -->\n<title>Laulajaksi kuoroon - TAMPEREEN FILHARMONINEN KUORO<\/title>\n<meta name=\"robots\" content=\"index, follow, max-snippet:-1, max-image-preview:large, max-video-preview:-1\" \/>\n<link rel=\"canonical\" href=\"https:\/\/tfk.fi\/wp1\/laulajaksi-kuoroon\/\" \/>\n<meta property=\"og:locale\" content=\"fi_FI\" \/>\n<meta property=\"og:type\" content=\"article\" \/>\n<meta property=\"og:title\" content=\"Laulajaksi kuoroon - TAMPEREEN FILHARMONINEN KUORO\" \/>\n<meta property=\"og:description\" content=\"Seuraavat koelaulut j\u00e4rjestet\u00e4\u00e4n Tyllill\u00e4 (Hallituskatu 30) ke 14.1. ja 21.1.2026. Ilmoittautuaksesi koelauluun t\u00e4yt\u00e4th\u00e4n t\u00e4m\u00e4n lomakkeen. Mik\u00e4li haet kuoroon syksyn koelaulujen j\u00e4lkeen, t\u00e4yt\u00e4th\u00e4n silti lomakkeen ja t\u00e4m\u00e4n lis\u00e4ksi laita my\u00f6s s\u00e4hk\u00f6postia osoitteeseen info (at) tfk.fi! Koelaulussa p\u00e4\u00e4set laulamaan vapaavalintaisen kappaleen. T\u00e4m\u00e4n lis\u00e4ksi kartoitamme \u00e4\u00e4nialaasi ja nuotinlukutaitoasi. Uudet laulajat Kuoroon voi pyrki\u00e4 koelaulutilaisuuksissa, joita j\u00e4rjestet\u00e4\u00e4n tavallisesti loppukev\u00e4\u00e4ll\u00e4 ...jatka lukemista &quot;Laulajaksi kuoroon&quot;\" \/>\n<meta property=\"og:url\" content=\"https:\/\/tfk.fi\/wp1\/laulajaksi-kuoroon\/\" \/>\n<meta property=\"og:site_name\" content=\"TAMPEREEN FILHARMONINEN KUORO\" \/>\n<meta property=\"article:publisher\" content=\"https:\/\/fi-fi.facebook.com\/TampereenFilharmoninenKuoro\/\" \/>\n<meta property=\"article:modified_time\" content=\"2025-11-26T08:05:01+00:00\" \/>\n<meta property=\"og:image\" content=\"http:\/\/178.63.53.181\/~tfkfi\/wp1\/wp-content\/uploads\/2018\/08\/kuoron_miehet.jpg\" \/>\n<meta name=\"twitter:card\" content=\"summary_large_image\" \/>\n<meta name=\"twitter:site\" content=\"@tfk_tampere\" \/>\n<meta name=\"twitter:label1\" content=\"Arvioitu lukuaika\" \/>\n\t<meta name=\"twitter:data1\" content=\"2 minuuttia\" \/>\n<script type=\"application\/ld+json\" class=\"yoast-schema-graph\">{\"@context\":\"https:\/\/schema.org\",\"@graph\":[{\"@type\":\"WebPage\",\"@id\":\"https:\/\/tfk.fi\/wp1\/laulajaksi-kuoroon\/\",\"url\":\"https:\/\/tfk.fi\/wp1\/laulajaksi-kuoroon\/\",\"name\":\"Laulajaksi kuoroon - TAMPEREEN FILHARMONINEN KUORO\",\"isPartOf\":{\"@id\":\"https:\/\/tfk.fi\/wp1\/#website\"},\"primaryImageOfPage\":{\"@id\":\"https:\/\/tfk.fi\/wp1\/laulajaksi-kuoroon\/#primaryimage\"},\"image\":{\"@id\":\"https:\/\/tfk.fi\/wp1\/laulajaksi-kuoroon\/#primaryimage\"},\"thumbnailUrl\":\"http:\/\/178.63.53.181\/~tfkfi\/wp1\/wp-content\/uploads\/2018\/08\/kuoron_miehet.jpg\",\"datePublished\":\"2018-08-09T18:41:27+00:00\",\"dateModified\":\"2025-11-26T08:05:01+00:00\",\"breadcrumb\":{\"@id\":\"https:\/\/tfk.fi\/wp1\/laulajaksi-kuoroon\/#breadcrumb\"},\"inLanguage\":\"fi\",\"potentialAction\":[{\"@type\":\"ReadAction\",\"target\":[\"https:\/\/tfk.fi\/wp1\/laulajaksi-kuoroon\/\"]}]},{\"@type\":\"ImageObject\",\"inLanguage\":\"fi\",\"@id\":\"https:\/\/tfk.fi\/wp1\/laulajaksi-kuoroon\/#primaryimage\",\"url\":\"http:\/\/178.63.53.181\/~tfkfi\/wp1\/wp-content\/uploads\/2018\/08\/kuoron_miehet.jpg\",\"contentUrl\":\"http:\/\/178.63.53.181\/~tfkfi\/wp1\/wp-content\/uploads\/2018\/08\/kuoron_miehet.jpg\"},{\"@type\":\"BreadcrumbList\",\"@id\":\"https:\/\/tfk.fi\/wp1\/laulajaksi-kuoroon\/#breadcrumb\",\"itemListElement\":[{\"@type\":\"ListItem\",\"position\":1,\"name\":\"Home\",\"item\":\"https:\/\/tfk.fi\/wp1\/\"},{\"@type\":\"ListItem\",\"position\":2,\"name\":\"Laulajaksi kuoroon\"}]},{\"@type\":\"WebSite\",\"@id\":\"https:\/\/tfk.fi\/wp1\/#website\",\"url\":\"https:\/\/tfk.fi\/wp1\/\",\"name\":\"TAMPEREEN FILHARMONINEN KUORO\",\"description\":\"Tampere Philharmonic Choir\",\"publisher\":{\"@id\":\"https:\/\/tfk.fi\/wp1\/#organization\"},\"potentialAction\":[{\"@type\":\"SearchAction\",\"target\":{\"@type\":\"EntryPoint\",\"urlTemplate\":\"https:\/\/tfk.fi\/wp1\/?s={search_term_string}\"},\"query-input\":{\"@type\":\"PropertyValueSpecification\",\"valueRequired\":true,\"valueName\":\"search_term_string\"}}],\"inLanguage\":\"fi\"},{\"@type\":\"Organization\",\"@id\":\"https:\/\/tfk.fi\/wp1\/#organization\",\"name\":\"Tampereen Filharmoninen Kuoro\",\"url\":\"https:\/\/tfk.fi\/wp1\/\",\"logo\":{\"@type\":\"ImageObject\",\"inLanguage\":\"fi\",\"@id\":\"https:\/\/tfk.fi\/wp1\/#\/schema\/logo\/image\/\",\"url\":\"https:\/\/tfk.fi\/wp1\/wp-content\/uploads\/2018\/08\/TFK-logo_100x50.jpg\",\"contentUrl\":\"https:\/\/tfk.fi\/wp1\/wp-content\/uploads\/2018\/08\/TFK-logo_100x50.jpg\",\"width\":100,\"height\":53,\"caption\":\"Tampereen Filharmoninen Kuoro\"},\"image\":{\"@id\":\"https:\/\/tfk.fi\/wp1\/#\/schema\/logo\/image\/\"},\"sameAs\":[\"https:\/\/fi-fi.facebook.com\/TampereenFilharmoninenKuoro\/\",\"https:\/\/x.com\/tfk_tampere\",\"https:\/\/www.instagram.com\/tampereenfilharmoninenkuoro\/?hl=fi\",\"https:\/\/www.youtube.com\/channel\/UCHNsgug_VXv_-TiyOBP5_cg\/featured\",\"https:\/\/fi.wikipedia.org\/wiki\/Tampereen_Filharmoninen_Kuoro\"]}]}<\/script>\n<!-- \/ Yoast SEO plugin. -->","yoast_head_json":{"title":"Laulajaksi kuoroon - TAMPEREEN FILHARMONINEN KUORO","robots":{"index":"index","follow":"follow","max-snippet":"max-snippet:-1","max-image-preview":"max-image-preview:large","max-video-preview":"max-video-preview:-1"},"canonical":"https:\/\/tfk.fi\/wp1\/laulajaksi-kuoroon\/","og_locale":"fi_FI","og_type":"article","og_title":"Laulajaksi kuoroon - TAMPEREEN FILHARMONINEN KUORO","og_description":"Seuraavat koelaulut j\u00e4rjestet\u00e4\u00e4n Tyllill\u00e4 (Hallituskatu 30) ke 14.1. ja 21.1.2026. Ilmoittautuaksesi koelauluun t\u00e4yt\u00e4th\u00e4n t\u00e4m\u00e4n lomakkeen. Mik\u00e4li haet kuoroon syksyn koelaulujen j\u00e4lkeen, t\u00e4yt\u00e4th\u00e4n silti lomakkeen ja t\u00e4m\u00e4n lis\u00e4ksi laita my\u00f6s s\u00e4hk\u00f6postia osoitteeseen info (at) tfk.fi! Koelaulussa p\u00e4\u00e4set laulamaan vapaavalintaisen kappaleen. T\u00e4m\u00e4n lis\u00e4ksi kartoitamme \u00e4\u00e4nialaasi ja nuotinlukutaitoasi. Uudet laulajat Kuoroon voi pyrki\u00e4 koelaulutilaisuuksissa, joita j\u00e4rjestet\u00e4\u00e4n tavallisesti loppukev\u00e4\u00e4ll\u00e4 ...jatka lukemista \"Laulajaksi kuoroon\"","og_url":"https:\/\/tfk.fi\/wp1\/laulajaksi-kuoroon\/","og_site_name":"TAMPEREEN FILHARMONINEN KUORO","article_publisher":"https:\/\/fi-fi.facebook.com\/TampereenFilharmoninenKuoro\/","article_modified_time":"2025-11-26T08:05:01+00:00","og_image":[{"url":"http:\/\/178.63.53.181\/~tfkfi\/wp1\/wp-content\/uploads\/2018\/08\/kuoron_miehet.jpg"}],"twitter_card":"summary_large_image","twitter_site":"@tfk_tampere","twitter_misc":{"Arvioitu lukuaika":"2 minuuttia"},"schema":{"@context":"https:\/\/schema.org","@graph":[{"@type":"WebPage","@id":"https:\/\/tfk.fi\/wp1\/laulajaksi-kuoroon\/","url":"https:\/\/tfk.fi\/wp1\/laulajaksi-kuoroon\/","name":"Laulajaksi kuoroon - TAMPEREEN FILHARMONINEN KUORO","isPartOf":{"@id":"https:\/\/tfk.fi\/wp1\/#website"},"primaryImageOfPage":{"@id":"https:\/\/tfk.fi\/wp1\/laulajaksi-kuoroon\/#primaryimage"},"image":{"@id":"https:\/\/tfk.fi\/wp1\/laulajaksi-kuoroon\/#primaryimage"},"thumbnailUrl":"http:\/\/178.63.53.181\/~tfkfi\/wp1\/wp-content\/uploads\/2018\/08\/kuoron_miehet.jpg","datePublished":"2018-08-09T18:41:27+00:00","dateModified":"2025-11-26T08:05:01+00:00","breadcrumb":{"@id":"https:\/\/tfk.fi\/wp1\/laulajaksi-kuoroon\/#breadcrumb"},"inLanguage":"fi","potentialAction":[{"@type":"ReadAction","target":["https:\/\/tfk.fi\/wp1\/laulajaksi-kuoroon\/"]}]},{"@type":"ImageObject","inLanguage":"fi","@id":"https:\/\/tfk.fi\/wp1\/laulajaksi-kuoroon\/#primaryimage","url":"http:\/\/178.63.53.181\/~tfkfi\/wp1\/wp-content\/uploads\/2018\/08\/kuoron_miehet.jpg","contentUrl":"http:\/\/178.63.53.181\/~tfkfi\/wp1\/wp-content\/uploads\/2018\/08\/kuoron_miehet.jpg"},{"@type":"BreadcrumbList","@id":"https:\/\/tfk.fi\/wp1\/laulajaksi-kuoroon\/#breadcrumb","itemListElement":[{"@type":"ListItem","position":1,"name":"Home","item":"https:\/\/tfk.fi\/wp1\/"},{"@type":"ListItem","position":2,"name":"Laulajaksi kuoroon"}]},{"@type":"WebSite","@id":"https:\/\/tfk.fi\/wp1\/#website","url":"https:\/\/tfk.fi\/wp1\/","name":"TAMPEREEN FILHARMONINEN KUORO","description":"Tampere Philharmonic Choir","publisher":{"@id":"https:\/\/tfk.fi\/wp1\/#organization"},"potentialAction":[{"@type":"SearchAction","target":{"@type":"EntryPoint","urlTemplate":"https:\/\/tfk.fi\/wp1\/?s={search_term_string}"},"query-input":{"@type":"PropertyValueSpecification","valueRequired":true,"valueName":"search_term_string"}}],"inLanguage":"fi"},{"@type":"Organization","@id":"https:\/\/tfk.fi\/wp1\/#organization","name":"Tampereen Filharmoninen Kuoro","url":"https:\/\/tfk.fi\/wp1\/","logo":{"@type":"ImageObject","inLanguage":"fi","@id":"https:\/\/tfk.fi\/wp1\/#\/schema\/logo\/image\/","url":"https:\/\/tfk.fi\/wp1\/wp-content\/uploads\/2018\/08\/TFK-logo_100x50.jpg","contentUrl":"https:\/\/tfk.fi\/wp1\/wp-content\/uploads\/2018\/08\/TFK-logo_100x50.jpg","width":100,"height":53,"caption":"Tampereen Filharmoninen Kuoro"},"image":{"@id":"https:\/\/tfk.fi\/wp1\/#\/schema\/logo\/image\/"},"sameAs":["https:\/\/fi-fi.facebook.com\/TampereenFilharmoninenKuoro\/","https:\/\/x.com\/tfk_tampere","https:\/\/www.instagram.com\/tampereenfilharmoninenkuoro\/?hl=fi","https:\/\/www.youtube.com\/channel\/UCHNsgug_VXv_-TiyOBP5_cg\/featured","https:\/\/fi.wikipedia.org\/wiki\/Tampereen_Filharmoninen_Kuoro"]}]}},"_links":{"self":[{"href":"https:\/\/tfk.fi\/wp1\/wp-json\/wp\/v2\/pages\/91","targetHints":{"allow":["GET"]}}],"collection":[{"href":"https:\/\/tfk.fi\/wp1\/wp-json\/wp\/v2\/pages"}],"about":[{"href":"https:\/\/tfk.fi\/wp1\/wp-json\/wp\/v2\/types\/page"}],"author":[{"embeddable":true,"href":"https:\/\/tfk.fi\/wp1\/wp-json\/wp\/v2\/users\/1"}],"replies":[{"embeddable":true,"href":"https:\/\/tfk.fi\/wp1\/wp-json\/wp\/v2\/comments?post=91"}],"version-history":[{"count":51,"href":"https:\/\/tfk.fi\/wp1\/wp-json\/wp\/v2\/pages\/91\/revisions"}],"predecessor-version":[{"id":1701,"href":"https:\/\/tfk.fi\/wp1\/wp-json\/wp\/v2\/pages\/91\/revisions\/1701"}],"wp:attachment":[{"href":"https:\/\/tfk.fi\/wp1\/wp-json\/wp\/v2\/media?parent=91"}],"curies":[{"name":"wp","href":"https:\/\/api.w.org\/{rel}","templated":true}]}}