{"id":94,"date":"2018-08-09T21:42:16","date_gmt":"2018-08-09T18:42:16","guid":{"rendered":"http:\/\/178.63.53.181\/~tfkfi\/wp1\/?page_id=94"},"modified":"2019-09-27T12:16:28","modified_gmt":"2019-09-27T09:16:28","slug":"ohjelmisto","status":"publish","type":"page","link":"https:\/\/tfk.fi\/wp1\/ohjelmisto\/","title":{"rendered":"Ohjelmisto"},"content":{"rendered":"<div id=\"webs-bin-5387468d40b533f57210d854\" class=\"webs-bin\">\n<div class=\"webs-bin-wrap\">\n<div class=\"webs-container webs-module-title w-title-default\">\n<div class=\"w-text \"><strong>Kuoron esitt\u00e4mi\u00e4 teoksia:<\/strong><\/div>\n<div><\/div>\n<\/div>\n<\/div>\n<\/div>\n<div id=\"webs-bin-5387469f40b533f57210d85a\" class=\"webs-bin\">\n<div class=\"webs-bin-wrap\">\n<div class=\"webs-container webs-module-text \">\n<div class=\"webs-text \">\n<ul class=\"style-circle\">\n<li>Bach\n<ul class=\"style-circle\">\n<li>\u00a0Johannes-passio<\/li>\n<li>Bach: Matteus-passio<\/li>\n<\/ul>\n<\/li>\n<li>Beethoven\n<ul class=\"style-circle\">\n<li>Fantasia pianolle, kuorolle ja orkesterille<\/li>\n<li>Kristus \u00d6ljym\u00e4ell\u00e4<\/li>\n<li>Messu C-duuri<\/li>\n<li>Missa Solemnis<\/li>\n<li>Sinfonia nro 9<\/li>\n<\/ul>\n<\/li>\n<li>Brahms\n<ul class=\"style-circle\">\n<li>Ein Deutsches Requiem<\/li>\n<li>Gesang der Parzen<\/li>\n<li>Schicksalslied<\/li>\n<\/ul>\n<\/li>\n<li>Bruckner\n<ul class=\"style-circle\">\n<li>Psalmi 150<\/li>\n<li>Te Deum<\/li>\n<\/ul>\n<\/li>\n<li>Cherubini: Requiem<\/li>\n<li>Durufl\u00e9: Requiem<\/li>\n<li>Dvor\u00e1k: Stabat Mater<\/li>\n<li>Elgar: Apostolit<\/li>\n<li>Englund: 6. Sinfonia, Aforismeja<\/li>\n<li>Enescu: Sinfonia nro 3<\/li>\n<li>Faur\u00e9: Requiem<\/li>\n<li>Gounod: Messe solemnelle de Sainte C\u00e9cile<\/li>\n<li>Haydn\n<ul class=\"style-circle\">\n<li>Luominen<\/li>\n<li>Vuodenajat<\/li>\n<li>Vapahtajamme seitsem\u00e4n viimeist\u00e4 sanaa ristill\u00e4<\/li>\n<\/ul>\n<\/li>\n<li>Holst\n<ul class=\"style-circle\">\n<li>Planeetat<\/li>\n<li>The Hymn of Jesus, op. 37<\/li>\n<\/ul>\n<\/li>\n<li>H\u00e4ndel: Belshazzar-oratorio<\/li>\n<li>Jan\u00e1cek: Glagoliittimessu<\/li>\n<li>Klami: Psalmus<\/li>\n<li>Kokkonen: Requiem<\/li>\n<li>Kortekangas: Seven Songs of Planet Earth<\/li>\n<li>Kuula\n<ul class=\"style-circle\">\n<li>Orjan poika<\/li>\n<li>Stabat Mater<\/li>\n<\/ul>\n<\/li>\n<li>Mahler\n<ul class=\"style-circle\">\n<li>Sinfonia nro 2, \"Yl\u00f6snousemus\"<\/li>\n<li>Sinfonia nro 3<\/li>\n<\/ul>\n<\/li>\n<li>Martin\n<ul class=\"style-circle\">\n<li>Golgata<\/li>\n<li>Kaksoiskuoromessu<\/li>\n<\/ul>\n<\/li>\n<li>Mend\u00e9lssohn Bartholdy\n<ul class=\"style-circle\">\n<li>Elias-oratorio<\/li>\n<li>Sinfonia nro 2, Lobgesang<\/li>\n<\/ul>\n<\/li>\n<li>Mozart\n<ul class=\"style-circle\">\n<li>Litaniae de venerabili altaris sacramento<\/li>\n<li>Messu c-molli<\/li>\n<li>Requiem<\/li>\n<\/ul>\n<\/li>\n<li>Orff, Carl: Carmina Burana<\/li>\n<li>Poulenc: Gloria<\/li>\n<li>Prokofjev: Aleksanteri Nevski<\/li>\n<li>Puccini: Messa di Gloria<\/li>\n<li>P\u00e4rt: Berliner Messe<\/li>\n<li>Rahmaninov\n<ul class=\"style-circle\">\n<li>Kellot<\/li>\n<li>Vigilia<\/li>\n<\/ul>\n<\/li>\n<li>Rossini: Stabat Mater<\/li>\n<li>Schubert\n<ul class=\"style-circle\">\n<li>Messu Es-duuri, D 950<\/li>\n<li>Sarja n\u00e4ytelm\u00e4st\u00e4 Rosamunder, Kyproksen kuningatar, D 797<\/li>\n<\/ul>\n<\/li>\n<li>Schumann: Requiem<\/li>\n<li>Shore: The Lord of the Rings Symphony<\/li>\n<li>Sibelius\n<ul class=\"style-circle\">\n<li>Impromptu, op.19<\/li>\n<li>Neito Tornissa<\/li>\n<li>Maan virsi, op. 95<\/li>\n<li>Oma maa, op. 92<\/li>\n<li>Vapautettu kuningatar, op. 48<\/li>\n<\/ul>\n<\/li>\n<li>Skrjabin: Prometheus<\/li>\n<li>Stravinsky: Psalmisinfonia<\/li>\n<li>Tippett: A child of our time<\/li>\n<li>Verdi\n<ul class=\"style-circle\">\n<li>Quattro Pezzi Sacri<\/li>\n<li>Requiem<\/li>\n<\/ul>\n<\/li>\n<\/ul>\n<\/div>\n<\/div>\n<\/div>\n<\/div>\n","protected":false},"excerpt":{"rendered":"<p>Kuoron esitt\u00e4mi\u00e4 teoksia: Bach \u00a0Johannes-passio Bach: Matteus-passio Beethoven Fantasia pianolle, kuorolle ja orkesterille Kristus \u00d6ljym\u00e4ell\u00e4 Messu C-duuri Missa Solemnis Sinfonia nro 9 Brahms Ein Deutsches Requiem Gesang der Parzen Schicksalslied Bruckner Psalmi 150 Te Deum Cherubini: Requiem Durufl\u00e9: Requiem Dvor\u00e1k: Stabat Mater Elgar: Apostolit Englund: 6. Sinfonia, Aforismeja Enescu: Sinfonia nro 3 Faur\u00e9: Requiem Gounod: <a href=\"https:\/\/tfk.fi\/wp1\/ohjelmisto\/\" class=\"more-link\">...jatka lukemista<span class=\"screen-reader-text\"> \"Ohjelmisto\"<\/span><\/a><\/p>\n","protected":false},"author":1,"featured_media":0,"parent":0,"menu_order":0,"comment_status":"closed","ping_status":"closed","template":"","meta":{"footnotes":""},"class_list":["post-94","page","type-page","status-publish","h-entry","hentry","h-as-page"],"yoast_head":"<!-- This site is optimized with the Yoast SEO plugin v23.4 - https:\/\/yoast.com\/wordpress\/plugins\/seo\/ -->\n<title>Ohjelmisto - TAMPEREEN FILHARMONINEN KUORO<\/title>\n<meta name=\"robots\" content=\"index, follow, max-snippet:-1, max-image-preview:large, max-video-preview:-1\" \/>\n<link rel=\"canonical\" href=\"https:\/\/tfk.fi\/wp1\/ohjelmisto\/\" \/>\n<meta property=\"og:locale\" content=\"fi_FI\" \/>\n<meta property=\"og:type\" content=\"article\" \/>\n<meta property=\"og:title\" content=\"Ohjelmisto - TAMPEREEN FILHARMONINEN KUORO\" \/>\n<meta property=\"og:description\" content=\"Kuoron esitt\u00e4mi\u00e4 teoksia: Bach \u00a0Johannes-passio Bach: Matteus-passio Beethoven Fantasia pianolle, kuorolle ja orkesterille Kristus \u00d6ljym\u00e4ell\u00e4 Messu C-duuri Missa Solemnis Sinfonia nro 9 Brahms Ein Deutsches Requiem Gesang der Parzen Schicksalslied Bruckner Psalmi 150 Te Deum Cherubini: Requiem Durufl\u00e9: Requiem Dvor\u00e1k: Stabat Mater Elgar: Apostolit Englund: 6. Sinfonia, Aforismeja Enescu: Sinfonia nro 3 Faur\u00e9: Requiem Gounod: ...jatka lukemista &quot;Ohjelmisto&quot;\" \/>\n<meta property=\"og:url\" content=\"https:\/\/tfk.fi\/wp1\/ohjelmisto\/\" \/>\n<meta property=\"og:site_name\" content=\"TAMPEREEN FILHARMONINEN KUORO\" \/>\n<meta property=\"article:publisher\" content=\"https:\/\/fi-fi.facebook.com\/TampereenFilharmoninenKuoro\/\" \/>\n<meta property=\"article:modified_time\" content=\"2019-09-27T09:16:28+00:00\" \/>\n<meta name=\"twitter:card\" content=\"summary_large_image\" \/>\n<meta name=\"twitter:site\" content=\"@tfk_tampere\" \/>\n<meta name=\"twitter:label1\" content=\"Arvioitu lukuaika\" \/>\n\t<meta name=\"twitter:data1\" content=\"1 minuutti\" \/>\n<script type=\"application\/ld+json\" class=\"yoast-schema-graph\">{\"@context\":\"https:\/\/schema.org\",\"@graph\":[{\"@type\":\"WebPage\",\"@id\":\"https:\/\/tfk.fi\/wp1\/ohjelmisto\/\",\"url\":\"https:\/\/tfk.fi\/wp1\/ohjelmisto\/\",\"name\":\"Ohjelmisto - TAMPEREEN FILHARMONINEN KUORO\",\"isPartOf\":{\"@id\":\"https:\/\/tfk.fi\/wp1\/#website\"},\"datePublished\":\"2018-08-09T18:42:16+00:00\",\"dateModified\":\"2019-09-27T09:16:28+00:00\",\"breadcrumb\":{\"@id\":\"https:\/\/tfk.fi\/wp1\/ohjelmisto\/#breadcrumb\"},\"inLanguage\":\"fi\",\"potentialAction\":[{\"@type\":\"ReadAction\",\"target\":[\"https:\/\/tfk.fi\/wp1\/ohjelmisto\/\"]}]},{\"@type\":\"BreadcrumbList\",\"@id\":\"https:\/\/tfk.fi\/wp1\/ohjelmisto\/#breadcrumb\",\"itemListElement\":[{\"@type\":\"ListItem\",\"position\":1,\"name\":\"Home\",\"item\":\"https:\/\/tfk.fi\/wp1\/\"},{\"@type\":\"ListItem\",\"position\":2,\"name\":\"Ohjelmisto\"}]},{\"@type\":\"WebSite\",\"@id\":\"https:\/\/tfk.fi\/wp1\/#website\",\"url\":\"https:\/\/tfk.fi\/wp1\/\",\"name\":\"TAMPEREEN FILHARMONINEN KUORO\",\"description\":\"Tampere Philharmonic Choir\",\"publisher\":{\"@id\":\"https:\/\/tfk.fi\/wp1\/#organization\"},\"potentialAction\":[{\"@type\":\"SearchAction\",\"target\":{\"@type\":\"EntryPoint\",\"urlTemplate\":\"https:\/\/tfk.fi\/wp1\/?s={search_term_string}\"},\"query-input\":{\"@type\":\"PropertyValueSpecification\",\"valueRequired\":true,\"valueName\":\"search_term_string\"}}],\"inLanguage\":\"fi\"},{\"@type\":\"Organization\",\"@id\":\"https:\/\/tfk.fi\/wp1\/#organization\",\"name\":\"Tampereen Filharmoninen Kuoro\",\"url\":\"https:\/\/tfk.fi\/wp1\/\",\"logo\":{\"@type\":\"ImageObject\",\"inLanguage\":\"fi\",\"@id\":\"https:\/\/tfk.fi\/wp1\/#\/schema\/logo\/image\/\",\"url\":\"https:\/\/tfk.fi\/wp1\/wp-content\/uploads\/2018\/08\/TFK-logo_100x50.jpg\",\"contentUrl\":\"https:\/\/tfk.fi\/wp1\/wp-content\/uploads\/2018\/08\/TFK-logo_100x50.jpg\",\"width\":100,\"height\":53,\"caption\":\"Tampereen Filharmoninen Kuoro\"},\"image\":{\"@id\":\"https:\/\/tfk.fi\/wp1\/#\/schema\/logo\/image\/\"},\"sameAs\":[\"https:\/\/fi-fi.facebook.com\/TampereenFilharmoninenKuoro\/\",\"https:\/\/x.com\/tfk_tampere\",\"https:\/\/www.instagram.com\/tampereenfilharmoninenkuoro\/?hl=fi\",\"https:\/\/www.youtube.com\/channel\/UCHNsgug_VXv_-TiyOBP5_cg\/featured\",\"https:\/\/fi.wikipedia.org\/wiki\/Tampereen_Filharmoninen_Kuoro\"]}]}<\/script>\n<!-- \/ Yoast SEO plugin. -->","yoast_head_json":{"title":"Ohjelmisto - TAMPEREEN FILHARMONINEN KUORO","robots":{"index":"index","follow":"follow","max-snippet":"max-snippet:-1","max-image-preview":"max-image-preview:large","max-video-preview":"max-video-preview:-1"},"canonical":"https:\/\/tfk.fi\/wp1\/ohjelmisto\/","og_locale":"fi_FI","og_type":"article","og_title":"Ohjelmisto - TAMPEREEN FILHARMONINEN KUORO","og_description":"Kuoron esitt\u00e4mi\u00e4 teoksia: Bach \u00a0Johannes-passio Bach: Matteus-passio Beethoven Fantasia pianolle, kuorolle ja orkesterille Kristus \u00d6ljym\u00e4ell\u00e4 Messu C-duuri Missa Solemnis Sinfonia nro 9 Brahms Ein Deutsches Requiem Gesang der Parzen Schicksalslied Bruckner Psalmi 150 Te Deum Cherubini: Requiem Durufl\u00e9: Requiem Dvor\u00e1k: Stabat Mater Elgar: Apostolit Englund: 6. Sinfonia, Aforismeja Enescu: Sinfonia nro 3 Faur\u00e9: Requiem Gounod: ...jatka lukemista \"Ohjelmisto\"","og_url":"https:\/\/tfk.fi\/wp1\/ohjelmisto\/","og_site_name":"TAMPEREEN FILHARMONINEN KUORO","article_publisher":"https:\/\/fi-fi.facebook.com\/TampereenFilharmoninenKuoro\/","article_modified_time":"2019-09-27T09:16:28+00:00","twitter_card":"summary_large_image","twitter_site":"@tfk_tampere","twitter_misc":{"Arvioitu lukuaika":"1 minuutti"},"schema":{"@context":"https:\/\/schema.org","@graph":[{"@type":"WebPage","@id":"https:\/\/tfk.fi\/wp1\/ohjelmisto\/","url":"https:\/\/tfk.fi\/wp1\/ohjelmisto\/","name":"Ohjelmisto - TAMPEREEN FILHARMONINEN KUORO","isPartOf":{"@id":"https:\/\/tfk.fi\/wp1\/#website"},"datePublished":"2018-08-09T18:42:16+00:00","dateModified":"2019-09-27T09:16:28+00:00","breadcrumb":{"@id":"https:\/\/tfk.fi\/wp1\/ohjelmisto\/#breadcrumb"},"inLanguage":"fi","potentialAction":[{"@type":"ReadAction","target":["https:\/\/tfk.fi\/wp1\/ohjelmisto\/"]}]},{"@type":"BreadcrumbList","@id":"https:\/\/tfk.fi\/wp1\/ohjelmisto\/#breadcrumb","itemListElement":[{"@type":"ListItem","position":1,"name":"Home","item":"https:\/\/tfk.fi\/wp1\/"},{"@type":"ListItem","position":2,"name":"Ohjelmisto"}]},{"@type":"WebSite","@id":"https:\/\/tfk.fi\/wp1\/#website","url":"https:\/\/tfk.fi\/wp1\/","name":"TAMPEREEN FILHARMONINEN KUORO","description":"Tampere Philharmonic Choir","publisher":{"@id":"https:\/\/tfk.fi\/wp1\/#organization"},"potentialAction":[{"@type":"SearchAction","target":{"@type":"EntryPoint","urlTemplate":"https:\/\/tfk.fi\/wp1\/?s={search_term_string}"},"query-input":{"@type":"PropertyValueSpecification","valueRequired":true,"valueName":"search_term_string"}}],"inLanguage":"fi"},{"@type":"Organization","@id":"https:\/\/tfk.fi\/wp1\/#organization","name":"Tampereen Filharmoninen Kuoro","url":"https:\/\/tfk.fi\/wp1\/","logo":{"@type":"ImageObject","inLanguage":"fi","@id":"https:\/\/tfk.fi\/wp1\/#\/schema\/logo\/image\/","url":"https:\/\/tfk.fi\/wp1\/wp-content\/uploads\/2018\/08\/TFK-logo_100x50.jpg","contentUrl":"https:\/\/tfk.fi\/wp1\/wp-content\/uploads\/2018\/08\/TFK-logo_100x50.jpg","width":100,"height":53,"caption":"Tampereen Filharmoninen Kuoro"},"image":{"@id":"https:\/\/tfk.fi\/wp1\/#\/schema\/logo\/image\/"},"sameAs":["https:\/\/fi-fi.facebook.com\/TampereenFilharmoninenKuoro\/","https:\/\/x.com\/tfk_tampere","https:\/\/www.instagram.com\/tampereenfilharmoninenkuoro\/?hl=fi","https:\/\/www.youtube.com\/channel\/UCHNsgug_VXv_-TiyOBP5_cg\/featured","https:\/\/fi.wikipedia.org\/wiki\/Tampereen_Filharmoninen_Kuoro"]}]}},"_links":{"self":[{"href":"https:\/\/tfk.fi\/wp1\/wp-json\/wp\/v2\/pages\/94","targetHints":{"allow":["GET"]}}],"collection":[{"href":"https:\/\/tfk.fi\/wp1\/wp-json\/wp\/v2\/pages"}],"about":[{"href":"https:\/\/tfk.fi\/wp1\/wp-json\/wp\/v2\/types\/page"}],"author":[{"embeddable":true,"href":"https:\/\/tfk.fi\/wp1\/wp-json\/wp\/v2\/users\/1"}],"replies":[{"embeddable":true,"href":"https:\/\/tfk.fi\/wp1\/wp-json\/wp\/v2\/comments?post=94"}],"version-history":[{"count":8,"href":"https:\/\/tfk.fi\/wp1\/wp-json\/wp\/v2\/pages\/94\/revisions"}],"predecessor-version":[{"id":528,"href":"https:\/\/tfk.fi\/wp1\/wp-json\/wp\/v2\/pages\/94\/revisions\/528"}],"wp:attachment":[{"href":"https:\/\/tfk.fi\/wp1\/wp-json\/wp\/v2\/media?parent=94"}],"curies":[{"name":"wp","href":"https:\/\/api.w.org\/{rel}","templated":true}]}}